{"id":826,"date":"2019-05-31T17:34:52","date_gmt":"2019-05-31T16:34:52","guid":{"rendered":"https:\/\/abruzzoinnovatur.it\/?page_id=826"},"modified":"2020-07-14T17:44:31","modified_gmt":"2020-07-14T16:44:31","slug":"attivita-par-fsc-ex-fas-2007-2013","status":"publish","type":"page","link":"https:\/\/abruzzoinnovatur.it\/index.php\/pmc-abruzzo\/attivita-par-fsc-ex-fas-2007-2013\/","title":{"rendered":"Attivit\u00e0 PAR FSC (ex FAS) 2007\/2013"},"content":{"rendered":"<p><img loading=\"lazy\" decoding=\"async\" class=\"wp-image-93 alignnone\" src=\"https:\/\/abruzzoinnovatur.it\/wp-content\/uploads\/2018\/07\/LogoPMC-300x146.png\" alt=\"\" width=\"162\" height=\"79\" srcset=\"https:\/\/abruzzoinnovatur.it\/wp-content\/uploads\/2018\/07\/LogoPMC-300x146.png 300w, https:\/\/abruzzoinnovatur.it\/wp-content\/uploads\/2018\/07\/LogoPMC-768x373.png 768w, https:\/\/abruzzoinnovatur.it\/wp-content\/uploads\/2018\/07\/LogoPMC-1024x497.png 1024w\" sizes=\"(max-width: 162px) 100vw, 162px\" \/><\/p>\n<p style=\"text-align: justify;\">Abruzzo Innovazione Turismo, attraverso avviso pubblico (DGR n.725\/2012) ha presentato i progetti di sviluppo turistico di prodotto, approvati il 22\/11\/2013, cui sono seguiti appositi atti di concessione stipulati il 20\/03\/2014. E&#8217; stata successivamente riconosciuta PMC anche in riferimento alla L.R. 15\/2015.<\/p>\n<p style=\"text-align: justify;\">La PMC, nell&#8217;ambito dell&#8217;Avviso suddetto PAR FSC (ex FAS) Abruzzo 2007-2013 Linea di Azione 1.3.1.d ha\u00a0pianificato una serie di attivit\u00e0 finalizzate allo start up, alla programmazione, progettazione ed attuazione di interventi ed attivit\u00e0 relative alle seguenti linee di prodotto:<br \/>\n&#8211; Mare<br \/>\n&#8211; Montagne, parchi, ecoturismo<br \/>\n&#8211; Borghi, enogastronomico, artistico, culturale e religioso<br \/>\n&#8211; Congressuale, business, grandi eventi<\/p>\n<p style=\"text-align: justify;\"><strong>ATTIVITA&#8217; GENERALE<br \/>\n<\/strong>Il lavoro svolto \u00e8 stato quello di\u00a0elaborazione dei progetti di sviluppo turistico, di\u00a0coordinamento globale di tutte le attivit\u00e0, monitoraggio dell&#8217;attuazione e funzionalit\u00e0 operativa della struttura della PMC.<\/p>\n<p style=\"text-align: justify;\"><strong>POTENZIAMENTO DMS E PERSONALIZZAZIONE<\/strong><br \/>\nSono state create le proposte commerciali per la PMC, ossia tutte le fasi di impostazione, profilatura, set up ed implementazione delle proposte commerciali relative alla pubblicazione di offerte in occasione di Abruzzo Open Day e pi\u00f9 in generale per il booking della PMC in riferimento alle quattro linee di prodotto di competenza di Abruzzo Innovazione Turismo.\u00a0L\u2019attivit\u00e0 ha riguardato la creazione di apposite configurazioni commerciali &#8220;tipo&#8221; per proporre servizi ricettivi e servizi complementari\/esperienziali.<br \/>\nDopo la profilatura si \u00e8 proceduto a creare modelli che ciascun operatore di DMC ha potuto copiare e personalizzare per le diverse strutture ricettive ed i diversi servizi da confezionare e pubblicare sui canali commerciali gestiti dalla PMC nelle diverse occasioni in cui vi \u00e8 stata necessit\u00e0.<br \/>\nI modelli sono stati utilizzati in pi\u00f9 canali commerciali, per pi\u00f9 occasioni e pi\u00f9 eventi, sia regionali che locali, rendendo pi\u00f9 facile la creazione delle proposte, la loro offerta e le condizioni commerciali. Sono state definite le policy, i modelli contrattuali, le modalit\u00e0 di cancellazione, le penali, le modalit\u00e0 di pagamento e prenotazione, privacy e modelli di conferma prenotazione.<\/p>\n<p style=\"text-align: justify;\"><strong>RICERCA DI MERCATO SUL CONTESTO DIGITALE<br \/>\n<\/strong>L\u2019innovazione digitale ha cambiato radicalmente il settore Turismo, il modello tradizionale di business viene sostituito da soluzioni organizzative smart che utilizzano strategie e strumenti digitali preformanti, capaci di sviluppare competitivit\u00e0 e redditivit\u00e0 generando valore. Gli scenari cambiano e comprendere lo stato di adozione di strumenti digitali da parte degli operatori turistici operanti nell&#8217;ambito delle quattro linee di prodotto rappresentate, monitorare la loro reputazione sul web, significa raccogliere informazioni utili all&#8217;identificazione e valutazione digitale delle singole imprese e linee di prodotto turistico interessati.<br \/>\nE&#8217; stata quindi effettuata una ricerca di mercato sul contesto digitale, sviluppata ed implementata una banca dati tecnica sulle anagrafiche digitali di operatori (aderenti alle DMC abruzzesi riconosciute) per ogni linea di prodotto turistico.<\/p>\n<p style=\"text-align: justify;\"><strong>WORKSHOP E FIERE DI SETTORE<\/strong><br \/>\nLa PMC ha partecipato a:<br \/>\n\u2022 BIT 2017 &#8211; Milano &#8211; 2\/4 Aprile 2017<br \/>\n\u2022 TTG 2017 &#8211; Rimini &#8211; 12\/14 Ottobre 2017<br \/>\n\u2022 BTO 2017 \u2013 Firenze \u2013 29 Novembre 2017<br \/>\n\u2022 BIT 2018 &#8211; Milano &#8211; 11\/13 Febbraio 2018<br \/>\n\u2022 Holiday World 2018 ENIT &#8211; Praga &#8211; 15\/18 Febbraio 2018<br \/>\n\u2022 FERIEN FREE MONACO 2018 ENIT &#8211; Monaco di Baviera &#8211; 21\/25 Febbraio 2018<br \/>\n\u2022 Salone del Turismo 2018 &#8211; Workshop &#8220;Discover Italy&#8221; Sestri Levante (GE) &#8211; 23 Febbraio 2018<br \/>\n\u2022 Children&#8217;s Tour 2018 &#8211; Bologna &#8211; 2\/4 Marzo 2018<br \/>\n\u2022 TTG OUTgoingPOLAND2018 &#8211; Varsavia e Poznan &#8211; 5\/6 Marzo 2018<br \/>\n\u2022 ITB 2018 ENIT &#8211; Berlino &#8211; 7\/11 Marzo 2018<br \/>\n\u2022 SALON INTERNATIONAL DES VACANCES 2018 ENIT &#8211; Parigi &#8211; 15\/18 Marzo 2018<br \/>\n\u2022 BMT 2018 &#8211; Napoli &#8211; 23\/25 Marzo 2018<br \/>\n\u2022 FREEZEIT 2018 &#8211; Klagenfurt &#8211; 6\/8 Aprile 2018<br \/>\nSi \u00e8 presenziato durante le manifestazioni ai box informativi della PMC allestiti all\u2019interno degli spazi espositivi della Regione Abruzzo, \u00e8 stata gestita l\u2019agenda degli appuntamenti con i buyers. Sono stati intrapresi contatti e relazioni con gli operatori del settore turistico nazionale e internazionale favorendo opportunit\u00e0 d\u2019incontro per avviare azioni di promo-commercializzazione, oltre a svolgere attivit\u00e0 di promozione e informazione ai numerosi visitatori.<\/p>\n<p style=\"text-align: justify;\">E&#8217; stato organizzato un ciclo di 8 incontri, 2 per ogni linea di prodotto, al fine di raccontare e condividere l\u2019identit\u00e0 enogastronomica autentica della Regione Abruzzo con gli addetti ai lavori e gli appassionati interessati:<br \/>\n\u2022 2 incontri per gli operatori e gli utenti interessati a inserire i loro servizi nelle proposte turistiche della linea \u201cMare\u201d<br \/>\n\u2022 2 incontri per gli operatori e gli utenti interessati a inserire i loro servizi nelle proposte turistiche della linea \u201cMontagne, parchi, ecoturismo\u201d<br \/>\n\u2022 2 incontri per gli operatori e gli utenti interessati a inserire i loro servizi nelle proposte turistiche della linea \u201cBorghi, enogastronomico, artistico, culturale e religioso\u201d<br \/>\n\u2022 2 incontri per gli operatori e gli utenti interessati a inserire i loro servizi nelle proposte turistiche della linea \u201cCongressuale, business, grandi eventi\u201d<br \/>\nCiascun incontro \u00e8 stato articolato secondo il seguente format di programma:<br \/>\nSessione 1 &#8211; \u201cTra tradizione e innovazione\u201d: i protagonisti si raccontano<br \/>\nSessione 2 &#8211; Workshop professionali e showcooking<br \/>\nSessione 3 &#8211; Degustazioni e dimostrazioni enogastronomiche tematiche<\/p>\n<p>&nbsp;<\/p>\n<p><em>Torna a\u00a0<a href=\"https:\/\/abruzzoinnovatur.it\/index.php\/pmc-abruzzo\/servizi-pmc-abruzzo\/\">Servizi PMC Abruzzo<\/a><\/em><\/p>\n<p>&nbsp;<\/p>\n","protected":false},"excerpt":{"rendered":"<p>Abruzzo Innovazione Turismo, attraverso avviso pubblico (DGR n.725\/2012) ha presentato i progetti di sviluppo turistico di prodotto, approvati il 22\/11\/2013, cui sono seguiti appositi atti di concessione stipulati il 20\/03\/2014. E&#8217; stata successivamente riconosciuta PMC anche in riferimento alla L.R. 15\/2015. La PMC, nell&#8217;ambito dell&#8217;Avviso suddetto PAR FSC (ex FAS) Abruzzo 2007-2013 Linea di Azione&hellip; <br \/> <a class=\"button small blue\" href=\"https:\/\/abruzzoinnovatur.it\/index.php\/pmc-abruzzo\/attivita-par-fsc-ex-fas-2007-2013\/\">Leggi tutto<\/a><\/p>\n","protected":false},"author":2,"featured_media":0,"parent":153,"menu_order":0,"comment_status":"closed","ping_status":"closed","template":"","meta":{"footnotes":""},"class_list":["post-826","page","type-page","status-publish","hentry"],"_links":{"self":[{"href":"https:\/\/abruzzoinnovatur.it\/index.php\/wp-json\/wp\/v2\/pages\/826"}],"collection":[{"href":"https:\/\/abruzzoinnovatur.it\/index.php\/wp-json\/wp\/v2\/pages"}],"about":[{"href":"https:\/\/abruzzoinnovatur.it\/index.php\/wp-json\/wp\/v2\/types\/page"}],"author":[{"embeddable":true,"href":"https:\/\/abruzzoinnovatur.it\/index.php\/wp-json\/wp\/v2\/users\/2"}],"replies":[{"embeddable":true,"href":"https:\/\/abruzzoinnovatur.it\/index.php\/wp-json\/wp\/v2\/comments?post=826"}],"version-history":[{"count":13,"href":"https:\/\/abruzzoinnovatur.it\/index.php\/wp-json\/wp\/v2\/pages\/826\/revisions"}],"predecessor-version":[{"id":1243,"href":"https:\/\/abruzzoinnovatur.it\/index.php\/wp-json\/wp\/v2\/pages\/826\/revisions\/1243"}],"up":[{"embeddable":true,"href":"https:\/\/abruzzoinnovatur.it\/index.php\/wp-json\/wp\/v2\/pages\/153"}],"wp:attachment":[{"href":"https:\/\/abruzzoinnovatur.it\/index.php\/wp-json\/wp\/v2\/media?parent=826"}],"curies":[{"name":"wp","href":"https:\/\/api.w.org\/{rel}","templated":true}]}}