{"id":742,"date":"2019-05-24T11:14:57","date_gmt":"2019-05-24T10:14:57","guid":{"rendered":"https:\/\/abruzzoinnovatur.it\/?page_id=742"},"modified":"2021-02-25T13:25:33","modified_gmt":"2021-02-25T12:25:33","slug":"piattaforma-di-investimento-turistico-territoriale","status":"publish","type":"page","link":"https:\/\/abruzzoinnovatur.it\/index.php\/polo-abruzzo-innovatur\/piattaforma-di-investimento-turistico-territoriale\/","title":{"rendered":"Piattaforma di Investimento turistico territoriale"},"content":{"rendered":"<p style=\"text-align: justify;\">Dopo aver concluso il\u00a0<a href=\"https:\/\/abruzzoinnovatur.it\/#abruzzo-innovatur-2020\">Progetto Pilota Abruzzo InnovaTur 2020<\/a>, ed in particolare al suo interno lo\u00a0<a href=\"https:\/\/www.dropbox.com\/s\/rmddmyze0o6o6ay\/Prog2020_strumenti%20finanziari.pdf?dl=0\" target=\"_blank\" rel=\"noopener\">Studio &#8220;Strumenti innovativi U.E. 2014-2020 e modelli implementabili per lo sviluppo turistico nella Regione Abruzzo&#8221;<\/a>, Abruzzo Innovazione Turismo ha avviato il percorso di start up della Piattaforma di Investimento Turistico Territoriale su un primo territorio che ha investito sul progetto, strumento individuato dalla studio richiamato &#8211; come modello finanziario di supporto degli investimenti per lo sviluppo turistico sostenibile per la <span style=\"text-decoration: underline;\">parte privata<\/span>, in parallelo a quanto avvenuto per il CIS (investimenti pubblici).<\/p>\n<p style=\"text-align: justify;\">Una prima piattaforma finanziaria sperimentale e pilota per supportare con appositi strumenti finanziari un progetto integrato e complesso di investimenti turistici privati ottimizzandone la propensione all&#8217;investimento e la capacit\u00e0 di aumento della competitivit\u00e0 e fattibilit\u00e0 economico finanziaria.<\/p>\n<p style=\"text-align: justify;\">Il metodo, la piattaforma e gli strumenti suddetti, al momento sono concentrati sulla destinazione Alto Sangro che ne ha cofinanziato lo start up e la prima operativit\u00e0, ma una volta a regime, possono essere estesi o replicati in altri territori\/destinazioni turistiche. A tal fine sar\u00e0 utile il ruolo di Assistenza Tecnica svolta dal Polo presso il Tavolo di Coordinamento Nazionale per il Turismo incardinato nella Conferenza Stato Regioni e coordinato dalla Regione Abruzzo in veste di Capofila.<\/p>\n<p style=\"text-align: justify;\"><strong>Area riservata alle aziende aderenti <a class=\"features-coloured-button\" href=\"https:\/\/www.abruzzoinnovatur.it\/azienda\" target=\"_blank\" rel=\"noopener\">LOGIN<\/a><\/strong>&#8211; Se sei un&#8217;azienda interessata che rientra nel territorio della DMC Alto Sangro Turismo invia una\u00a0<a href=\"mailto:info@altosangroturismo.it\">email<\/a>\u00a0alla DMC per conoscere le modalit\u00e0 di accesso.<\/p>\n","protected":false},"excerpt":{"rendered":"<p>Dopo aver concluso il\u00a0Progetto Pilota Abruzzo InnovaTur 2020, ed in particolare al suo interno lo\u00a0Studio &#8220;Strumenti innovativi U.E. 2014-2020 e modelli implementabili per lo sviluppo turistico nella Regione Abruzzo&#8221;, Abruzzo Innovazione Turismo ha avviato il percorso di start up della Piattaforma di Investimento Turistico Territoriale su un primo territorio che ha investito sul progetto, strumento&hellip; <br \/> <a class=\"button small blue\" href=\"https:\/\/abruzzoinnovatur.it\/index.php\/polo-abruzzo-innovatur\/piattaforma-di-investimento-turistico-territoriale\/\">Leggi tutto<\/a><\/p>\n","protected":false},"author":2,"featured_media":0,"parent":149,"menu_order":0,"comment_status":"closed","ping_status":"closed","template":"","meta":{"footnotes":""},"class_list":["post-742","page","type-page","status-publish","hentry"],"_links":{"self":[{"href":"https:\/\/abruzzoinnovatur.it\/index.php\/wp-json\/wp\/v2\/pages\/742"}],"collection":[{"href":"https:\/\/abruzzoinnovatur.it\/index.php\/wp-json\/wp\/v2\/pages"}],"about":[{"href":"https:\/\/abruzzoinnovatur.it\/index.php\/wp-json\/wp\/v2\/types\/page"}],"author":[{"embeddable":true,"href":"https:\/\/abruzzoinnovatur.it\/index.php\/wp-json\/wp\/v2\/users\/2"}],"replies":[{"embeddable":true,"href":"https:\/\/abruzzoinnovatur.it\/index.php\/wp-json\/wp\/v2\/comments?post=742"}],"version-history":[{"count":14,"href":"https:\/\/abruzzoinnovatur.it\/index.php\/wp-json\/wp\/v2\/pages\/742\/revisions"}],"predecessor-version":[{"id":1402,"href":"https:\/\/abruzzoinnovatur.it\/index.php\/wp-json\/wp\/v2\/pages\/742\/revisions\/1402"}],"up":[{"embeddable":true,"href":"https:\/\/abruzzoinnovatur.it\/index.php\/wp-json\/wp\/v2\/pages\/149"}],"wp:attachment":[{"href":"https:\/\/abruzzoinnovatur.it\/index.php\/wp-json\/wp\/v2\/media?parent=742"}],"curies":[{"name":"wp","href":"https:\/\/api.w.org\/{rel}","templated":true}]}}