{"id":6,"date":"2018-06-05T15:06:34","date_gmt":"2018-06-05T14:06:34","guid":{"rendered":"https:\/\/abruzzoinnovatur.it\/index.php\/one-page-express\/"},"modified":"2021-03-25T16:26:19","modified_gmt":"2021-03-25T15:26:19","slug":"one-page-express","status":"publish","type":"page","link":"https:\/\/abruzzoinnovatur.it\/","title":{"rendered":""},"content":{"rendered":"<div  data-label=\"Webinar\" data-id=\"portfolio-cards-section\" data-category=\"portfolio\" class=\"portfolio-cards-section\" id=\"webinar\" style=\"background-color: rgb(246, 246, 246);\"> <div  class=\"\"> <div  class=\"portfolio-cards-textcol dynamic-color\" data-type=\"column\"> <h2  class=\"\">Webinar ENIT<\/h2> <p  class=\"\"><\/p><h5  style=\"text-align: justify;\" class=\"\">TURISME\u2019 \u2013&nbsp;mercati, prodotti e tendenze di turismo internazionale \u2013 approfondiamo oggi per presentarci pi\u00f9 forti domani.<\/h5><p  style=\"text-align: justify;\" class=\"\">Gli eventi di formazione \u2013 dedicati alle Regioni, agli operatori e agli stakeholders del turismo italiano \u2013 hanno fornito ai partecipanti informazioni e focus su mercati specifici.&nbsp;<\/p> <p  class=\"\"><\/p><h5  style=\"text-align: justify;\" class=\"\">Viaggio in Italia \u2013 Le Regioni italiane si presentano agli operatori turistici dei mercati esteri.<\/h5><p  style=\"text-align: justify;\" class=\"\">Il ciclo di webinar&nbsp;<span  style=\"font-size: 18px; font-family: &quot;Source Sans Pro&quot;, sans-serif;\">ha promosso l\u2019Italia sui mercati esteri e fornito al commercio e alla stampa informazioni dettagliate e aggiornate sui servizi turistici, i prodotti e il territorio.<\/span><\/p><\/div> <div  class=\"portfolio-cards-projectsro dark-text\" data-type=\"row\">  <div  class=\"portfolio-cards-projectcol cp6cols-tablet cp6cols\"> <div  class=\"portfolio-cards-projectcard\"> <div  class=\"contentswap-effect ContentSwap104\" hover-fx=\"ContentSwap104\" id=\"ContentSwap104\" is-hovered=\"1\"> <div  class=\"ContentSwap104_content initial-image\"><img decoding=\"async\"  class=\"portfolio-cards-projectimg\" data-size=\"1200x800\" src=\"https:\/\/abruzzoinnovatur.it\/wp-content\/uploads\/2020\/09\/cropped-turism%C3%A8.jpg\"> <\/div> <div  class=\"overlay\" style=\"display: block; opacity: 1;\"><\/div> <div  class=\"swap-inner\" style=\"opacity: 1; display: block;\"> <div  class=\"ContentSwap104-center\"> <a  href=\"https:\/\/abruzzoinnovatur.it\/index.php\/2020\/09\/18\/report-finali-webinar-turisme-organizzati-da-enit-per-approfondimenti-sui-mercati-esteri\" target=\"_self\"><i  data-cp-fa=\"true\" class=\"portfolio-card-icon fa fa-search\"><\/i><\/a> <\/div> <\/div> <\/div> <div  class=\"portfolio-cards-projectinfo\"> <div  class=\"portfolio-cards-projnamecol\" data-type=\"column\"> <a  href=\"https:\/\/abruzzoinnovatur.it\/index.php\/2020\/09\/18\/report-finali-webinar-turisme-organizzati-da-enit-per-approfondimenti-sui-mercati-esteri\" class=\"portfolio-cards-projlink\" target=\"_self\"><h4  class=\"portfolio-cards-projtitle\">Report Finali #TURISM\u00e8<\/h4><\/a> <\/div> <\/div> <\/div> <\/div><div  class=\"portfolio-cards-projectcol cp6cols-tablet cp6cols\"> <div  class=\"portfolio-cards-projectcard\"> <div  class=\"contentswap-effect ContentSwap104\" hover-fx=\"ContentSwap104\" id=\"ContentSwap104\" is-hovered=\"0\"> <div  class=\"ContentSwap104_content initial-image\"><img decoding=\"async\"  class=\"portfolio-cards-projectimg\" data-size=\"1200x800\" src=\"https:\/\/abruzzoinnovatur.it\/wp-content\/uploads\/2020\/09\/cropped-ViaggioInItalia.jpg\"> <\/div> <div  class=\"overlay\" style=\"display: block; opacity: 1;\"><\/div> <div  class=\"swap-inner\" style=\"opacity: 1; display: block;\"> <div  class=\"ContentSwap104-center\"> <a  href=\"https:\/\/abruzzoinnovatur.it\/index.php\/2020\/12\/15\/aggiornamento-report-finale-webinar-viaggio-in-italia-enit-verso-i-mercati-esteri\" target=\"_self\"><i  data-cp-fa=\"true\" class=\"portfolio-card-icon fa fa-search\"><\/i><\/a> <\/div> <\/div> <\/div> <div  class=\"portfolio-cards-projectinfo\"> <div  class=\"portfolio-cards-projnamecol\" data-type=\"column\"> <a  href=\"https:\/\/abruzzoinnovatur.it\/index.php\/2020\/09\/18\/report-finale-webinar-viaggio-in-italia-enit-verso-i-mercati-esteri\" class=\"portfolio-cards-projlink\" target=\"_self\"><h4  class=\"portfolio-cards-projtitle\">Report Finali #ViaggioInItalia<\/h4><\/a> <\/div> <\/div> <\/div> <\/div>     <\/div> <\/div><\/div><div  data-label=\"DMS Regionale\" data-id=\"features-image-cards-section\" data-category=\"features\" class=\"features-image-cards-section\" style=\"background-color: #ffffff;\" id=\"dms-regionale\">\n<div  class=\"\">\n<div  class=\"features-image-cards-textrow\">\n<div  class=\"features-image-cards-textcol dynamic-color\" data-type=\"column\">\n<h2  class=\"\">DMS Regionale<\/h2>\n<p  class=\"\">Scopri cos\u2019\u00e8 un Destination Management System<\/p>\n\n<div  class=\"spacer\" data-type=\"group\"><span  class=\"fa before\"><\/span><i  class=\"fa fa-bandcamp\"><\/i><span  class=\"fa after\"><\/span><\/div>\n<\/div>\n<\/div>\n<div  class=\"features-image-cards-innerrow flexbox-list dark-text\" data-type=\"row\">\n<div  class=\"features-image-cards-cardcol cp6cols-tablet cp6cols\">\n<div  class=\"features-image-cards-cardrow\">\n\n<img decoding=\"async\"  class=\"features-image-cards-featimg\" src=\"https:\/\/abruzzoinnovatur.it\/wp-content\/uploads\/2019\/03\/Cattura.jpg\">\n<div  class=\"features-image-cards-cardtextrow\" data-type=\"column\">\n<h4  class=\"\">Il DMS Regionale<\/h4>\n<p  class=\"\" style=\"text-align: justify;\">Il sistema fornito alla Regione Abruzzo: un archivio unico centralizzato, per la gestione e la diffusione dati, informazioni ed offerte turistiche comprensivo di booking.<\/p>\n\n\n<hr  class=\"features-image-cards-separator\">\n\n<a  href=\"https:\/\/abruzzoinnovatur.it\/index.php\/il-dms-regionale\" class=\"\" target=\"_self\">Continua\u2026<\/a>\n\n<\/div>\n<\/div>\n<\/div>\n<div  class=\"features-image-cards-cardcol cp6cols-tablet cp6cols\">\n<div  class=\"features-image-cards-cardrow\">\n\n<img decoding=\"async\"  class=\"features-image-cards-featimg\" src=\"https:\/\/abruzzoinnovatur.it\/wp-content\/uploads\/2019\/03\/business-3167295_1920.jpg\">\n<div  class=\"features-image-cards-cardtextrow\" data-type=\"column\">\n<h4  class=\"\">Come entrare nel sistema<\/h4>\n<p  class=\"\" style=\"text-align: justify;\">Se sei un operatore interessato ad avere maggiori informazioni, contatta la DMC che opera sul tuo territorio per conoscere le modalit\u00e0 di accesso al sistema.<\/p>\n\n\n<hr  class=\"features-image-cards-separator\">\n\n<a  href=\"#\" class=\"\" target=\"_self\" data-reiki-hidden=\"true\"><i  class=\"font-icon-22 fa fa-arrow-circle-right\" data-cp-fa=\"true\"><\/i>&nbsp;learn more<\/a> <a  href=\"https:\/\/abruzzoinnovatur.it\/index.php\/come-entrare-nel-sistema-dms\" class=\"\" target=\"_self\">Continua\u2026<\/a>\n\n<\/div>\n<\/div>\n<\/div>\n\n<\/div>\n<\/div>\n<\/div><div  data-label=\"Disciplinare Legambiente\" data-id=\"content-image-right\" data-category=\"content\" class=\"content-right-image-section content-image-right\" id=\"disciplinare-legambiente\" style=\"background-color: rgb(246, 246, 246);\"> <div  class=\"gridContainer\"> <div  class=\"content-right-image-gridcol\"> <div  class=\"content-right-image-textcol dynamic-color\" data-type=\"column\"> <h2  class=\"\">Disciplinare Pilota sul Turismo Attivo e Sostenibile<\/h2> <p  class=\"large_text\">Il documento \u00e8 stato realizzato da Abruzzo Innovazione Turismo&nbsp;per conto della Regione Abruzzo, in collaborazione con Legambiente Nazionale.&nbsp; Il disciplinare,&nbsp;declinabile e replicabile regionalmente, \u00e8 stato condiviso nel suo format presso la \u201cCommissione Speciale Turismo e Industria Alberghiera della Conferenza delle Regioni e Province Autonome\u201d.<\/p> <a  class=\"button blue\" href=\"https:\/\/www.dropbox.com\/s\/kvj0l22n4u1cf6a\/07%20Presentazione%20TAS%20Abruzzo.pdf?dl=0\" target=\"_blank\"> Vai al documento <\/a> <\/div> <div  class=\"content-right-image-imgcol\" data-type=\"column\"> <img decoding=\"async\"  src=\"https:\/\/abruzzoinnovatur.it\/wp-content\/uploads\/2021\/02\/07-Presentazione-TAS-Abruzzo_pages-to-jpg-0001.jpg\" class=\"\"> <\/div> <\/div> <\/div> <\/div><div  data-label=\"CIS e Piattaforma\" data-id=\"stripped-about-four-boxes-section\" data-category=\"overlapable\" class=\"stripped-about-four-boxes-section\" data-overlap=\"true\" id=\"cis-e-piattaforma\" style=\"background-color: rgb(255, 255, 255);\"> <div  class=\"gridContainer\"> <div  class=\"about-four-boxes-innerrow flexbox-list\"> <div  class=\"about-four-boxes-imgcol\" data-bg=\"image\" style=\"background-image: url(&quot;https:\/\/abruzzoinnovatur.it\/wp-content\/uploads\/2019\/03\/CopertinaCIS_.jpg&quot;);\"><\/div> <div  class=\"about-four-boxes-textcol\" data-type=\"column\"> <h6  class=\"\">MODELLO INNOVATIVO DI ORGANIZZAZIONE E GESTIONE DELLO SVILUPPO TURISTICO SOSTENIBILE<\/h6> <h2  class=\"\">CIS Abruzzo<\/h2> <p  class=\"\">Il primo CIS Abruzzo \u00e8 stato firmato nel mese di Maggio 2018.\n<br >In questa sezione troverai la documentazione esplicativa, il materiale relativo all\u2019evento di presentazione e gli ultimi aggiornamenti.<\/p> <a  class=\"button blue\" href=\"https:\/\/abruzzoinnovatur.it\/index.php\/polo-abruzzo-innovatur\/cis-abruzzo\" target=\"_self\">ENTRA<\/a><\/div> <div  class=\"about-four-boxes-textcol\" data-type=\"column\"> <h6  class=\"\">MODELLO FINANZIARIO DI SUPPORTO DEGLI INVESTIMENTI PER LO SVILUPPO TURISTICO SOSTENIBILE<\/h6> <h2  class=\"\">Piattaforma finanziaria<\/h2> <p  class=\"\">In questa sezione puoi approfondire il tema, conoscere la prima area di sperimentazione e trovare l\u2019accesso riservato alle aziende aderenti.<\/p> <a  class=\"button blue\" href=\"https:\/\/abruzzoinnovatur.it\/index.php\/polo-abruzzo-innovatur\/piattaforma-di-investimento-turistico-territoriale\" target=\"_self\">ENTRA<\/a><\/div> <div  class=\"about-four-boxes-imgcol2\" data-bg=\"image\" style=\"background-image: url(&quot;https:\/\/abruzzoinnovatur.it\/wp-content\/uploads\/2019\/03\/business-2089534_1920.jpg&quot;);\"><\/div> <\/div> <\/div><\/div><div  data-label=\"Abruzzo Innovatur 2020\" data-id=\"content-full-right-image-section\" data-category=\"content\" class=\"content-full-right-image-section\" id=\"abruzzo-innovatur-2020\" style=\"background-color: rgb(255, 255, 255);\"> <div  class=\"content-full-right-image-innerrow\"> <div  class=\"content-full-right-image-textcol dynamic-color\"> <div  data-type=\"column\" class=\"\"> <h5  class=\"\">PROGETTO PILOTA \u2013 Attivit\u00e0 I.1.2 POR FESR ABRUZZO 2007\/2013<\/h5> <h2  class=\"\">Abruzzo Innovatur 2020<\/h2> <p  class=\"\">Definizione di linee guida, modelli e strumenti replicabili per lo sviluppo turistico sostenibile utilizzando gli strumenti 2020 per l\u2019ottimizzazione della competitivit\u00e0 dell\u2019offerta turistica regionale.<\/p> <\/div> <div  class=\"content-full-right-image-featuresrow\"> <div  class=\"content-full-right-image-featurescol\" data-type=\"column\"> <h5  class=\"\">LIBRO BIANCO \u201c100 Azioni per un Abruzzo 2020\u201d<\/h5> <p  class=\"\">Il documento, elaborato dalla MCArchitects di Mario Cucinella, si articola in quattro grandi questioni che confluiscono nel pi\u00f9 ampio tema della rigenerazione urbana.\n<br >Si suggeriscono le azioni da intraprendere per affrontare il cambiamento, per raggiungere gli obiettivi che sono gi\u00e0 parte delle politiche europee 2020.\n<br >Una visione del territorio dove si comprende che il risultato e il successo di una regione stanno nella capacit\u00e0 di connessione, di fare sistema, rete: perch\u00e8 ogni azione \u00e8 importante se pensata strategicamente in una grande visione d\u2019insieme.<\/p>   <div  class=\"spacer\" data-type=\"group\"><span  class=\"fa before\"><\/span><i  class=\"fa fa-bandcamp\"><\/i><span  class=\"fa after\"><\/span><\/div><a  href=\"https:\/\/www.dropbox.com\/s\/5g4rx01ck2bkspx\/AIT_R_100 Azioni_LibroBianco.pdf?dl=0\" class=\"\" target=\"_blank\">Vai al documento<\/a><\/div> <div  class=\"content-full-right-image-featurescol\" data-type=\"column\"> <h5  class=\"\">STRUMENTI INNOVATIVI UE 2014\/2020 e modelli implementabili per lo sviluppo turistico nella Regione Abruzzo<\/h5> <p  class=\"\">Studio a cura diretta della Struttura tecnica del Polo con la collaborazione, tra gli altri, di Invitalia e della Lipani &amp; Catrical\u00e0.\n<br >Consiste nell\u2019individuazione dei modelli di organizzazione e gestione dello sviluppo turistico sostenibile in Abruzzo e di supporto finanziario, in relazione alle azioni individuate nel Libro Bianco.\n<br >Individuazione del percorso di attivazione del CIS (Contratto Istituzionale di Sviluppo) e di strumenti e piattaforme innovative di investimento.<\/p>   <div  class=\"spacer\" data-type=\"group\"><span  class=\"fa before\"><\/span><i  class=\"fa fa-bandcamp\"><\/i><span  class=\"fa after\"><\/span><\/div><a  href=\"https:\/\/www.dropbox.com\/s\/rmddmyze0o6o6ay\/Prog2020_strumenti finanziari.pdf?dl=0\" class=\"\" target=\"_blank\">Vai al documento<\/a><\/div> <\/div> <\/div> <div  data-bg=\"image\" class=\"content-full-right-image-imgcol\" style=\"background-image: url(&quot;https:\/\/abruzzoinnovatur.it\/wp-content\/uploads\/2019\/03\/AIT2020bis.jpg&quot;);\"><\/div> <\/div><\/div><div  data-label=\"Attivita POR FESR 2007 2013\" data-id=\"content-image-left\" data-category=\"content\" class=\"content-left-image-section content-image-left\" id=\"attivita-por-fesr-2007-2013\" style=\"background-color: rgb(246, 246, 246);\"> <div  class=\"\"> <div  class=\"row\"> <div  class=\"content-left-image-imgcol\" data-type=\"column\"> <img decoding=\"async\"  src=\"https:\/\/abruzzoinnovatur.it\/wp-content\/uploads\/2018\/07\/Immagine1.png\" class=\"\"> <\/div> <div  class=\"content-left-image-textcol dynamic-color\" data-type=\"column\">  <h2  class=\"\">POR FESR 2007\/2013<\/h2><h6  class=\"\">Attivit\u00e0 I.1.2\n<br >SOSTEGNO ALLA CREAZIONE DEI POLI DI INNOVAZIONE<\/h6><p  class=\"large_text\">Come nasce il Polo Abruzzo InnovaTur \u2013 l\u2019unico in Italia per il dominio Turismo \u2013 ed il background del \u201cneonato\u201d soggetto gestore.\n\n<br >Dalla pubblicazione dell\u2019Avviso Pubblico regionale alla conclusione del programma di Attivit\u00e0 finanziato.<\/p> <a  class=\"button blue\" href=\"https:\/\/abruzzoinnovatur.it\/index.php\/polo-abruzzo-innovatur\/attivita-por-fesr-2007-2013\" target=\"_self\"> Scopri le attivit\u00e0 svolte ed i progetti realizzati <\/a> <\/div> <\/div> <\/div> <\/div>","protected":false},"excerpt":{"rendered":"<p>Webinar ENIT TURISME\u2019 \u2013&nbsp;mercati, prodotti e tendenze di turismo internazionale \u2013 approfondiamo oggi per presentarci pi\u00f9 forti domani.Gli eventi di formazione \u2013 dedicati alle Regioni, agli operatori e agli stakeholders del turismo italiano \u2013 hanno fornito ai partecipanti informazioni e focus su mercati specifici.&nbsp; Viaggio in Italia \u2013 Le Regioni italiane si presentano agli operatori&hellip; <br \/> <a class=\"button small blue\" href=\"https:\/\/abruzzoinnovatur.it\/index.php\/2025\/12\/17\/avviso-fitur-bit-f-re-e-btm\/\">Leggi tutto<\/a><\/p>\n","protected":false},"author":2,"featured_media":0,"parent":0,"menu_order":0,"comment_status":"closed","ping_status":"closed","template":"","meta":{"footnotes":""},"class_list":["post-6","page","type-page","status-publish","hentry"],"_links":{"self":[{"href":"https:\/\/abruzzoinnovatur.it\/index.php\/wp-json\/wp\/v2\/pages\/6"}],"collection":[{"href":"https:\/\/abruzzoinnovatur.it\/index.php\/wp-json\/wp\/v2\/pages"}],"about":[{"href":"https:\/\/abruzzoinnovatur.it\/index.php\/wp-json\/wp\/v2\/types\/page"}],"author":[{"embeddable":true,"href":"https:\/\/abruzzoinnovatur.it\/index.php\/wp-json\/wp\/v2\/users\/2"}],"replies":[{"embeddable":true,"href":"https:\/\/abruzzoinnovatur.it\/index.php\/wp-json\/wp\/v2\/comments?post=6"}],"version-history":[{"count":99,"href":"https:\/\/abruzzoinnovatur.it\/index.php\/wp-json\/wp\/v2\/pages\/6\/revisions"}],"predecessor-version":[{"id":1411,"href":"https:\/\/abruzzoinnovatur.it\/index.php\/wp-json\/wp\/v2\/pages\/6\/revisions\/1411"}],"wp:attachment":[{"href":"https:\/\/abruzzoinnovatur.it\/index.php\/wp-json\/wp\/v2\/media?parent=6"}],"curies":[{"name":"wp","href":"https:\/\/api.w.org\/{rel}","templated":true}]}}