{"id":597,"date":"2019-03-18T11:17:40","date_gmt":"2019-03-18T10:17:40","guid":{"rendered":"https:\/\/abruzzoinnovatur.it\/?page_id=597"},"modified":"2020-07-14T17:47:38","modified_gmt":"2020-07-14T16:47:38","slug":"cose-la-pmc","status":"publish","type":"page","link":"https:\/\/abruzzoinnovatur.it\/index.php\/pmc-abruzzo\/cose-la-pmc\/","title":{"rendered":"Cos&#8217;\u00e8 la PMC Abruzzo"},"content":{"rendered":"<p style=\"text-align: justify;\"><img loading=\"lazy\" decoding=\"async\" class=\"wp-image-93 alignnone\" src=\"https:\/\/abruzzoinnovatur.it\/wp-content\/uploads\/2018\/07\/LogoPMC-300x146.png\" alt=\"\" width=\"162\" height=\"79\" srcset=\"https:\/\/abruzzoinnovatur.it\/wp-content\/uploads\/2018\/07\/LogoPMC-300x146.png 300w, https:\/\/abruzzoinnovatur.it\/wp-content\/uploads\/2018\/07\/LogoPMC-768x373.png 768w, https:\/\/abruzzoinnovatur.it\/wp-content\/uploads\/2018\/07\/LogoPMC-1024x497.png 1024w\" sizes=\"(max-width: 162px) 100vw, 162px\" \/><br \/>\nLa Legge regionale abruzzese n.15\/2015 \u201cIl sistema di governance turistica regionale\u201d individua <strong>la Product Management Company (PMC)<\/strong> come organizzazione orizzontale di governance regionale e project management, aperta all&#8217;accesso ed alla partecipazione di operatori pubblici o privati, che <strong>elabora e gestisce lo sviluppo turistico riferito ad uno o pi\u00f9 prodotti regionali<\/strong> attraverso la partecipazione finanziaria degli attori interessati ed in connessione con la programmazione regionale, nazionale, europea.<\/p>\n<p style=\"text-align: justify;\">Essa opera in totale raccordo con la Regione Abruzzo al fine di:<\/p>\n<ul style=\"text-align: justify;\">\n<li style=\"text-align: justify;\">garantire supporto logistico per la gestione di reti e piattaforme regionali articolate tematicamente in relazione alle linee di prodotto regionali;<\/li>\n<li style=\"text-align: justify;\">attivare e gestire servizi alle imprese e ai turisti, nonch\u00e9 per ottimizzare, all&#8217;interno delle proposte turistiche di una o pi\u00f9 linee di prodotto, l\u2019accessibilit\u00e0 e l\u2019utilizzo di risorse, servizi ricettivi, servizi complementari, consumi delle produzioni locali;<\/li>\n<li style=\"text-align: justify;\">migliorare le attivit\u00e0 degli operatori pubblici e privati coinvolti nella offerta turistica della linea di prodotto o delle linee di prodotto interessate, per confezionare offerte turistiche competitive e specializzate per mercati, per target e periodi.<\/li>\n<\/ul>\n<h4 style=\"text-align: justify;\"><\/h4>\n<h4 style=\"text-align: justify;\">Competenze e Mission<\/h4>\n<p style=\"text-align: justify;\">Ai sensi delle normative vigenti, <strong>la PMC ha l\u2019obiettivo di rafforzare l\u2019operativit\u00e0 regionale per Linee di Prodotto<\/strong> attraverso organismi affidabili e che vedono la partecipazione degli attori pubblici e privati coinvolti nell&#8217;offerta turistica.<\/p>\n<p style=\"text-align: justify;\">Essa, <strong>supportando anche le Istituzioni Pubbliche<\/strong>, interviene nella:<\/p>\n<ul style=\"text-align: justify;\">\n<li style=\"text-align: justify;\">preparazione delle strategie di marketing attraverso il posizionamento, la produzione, la promozione e la commercializzazione dell\u2019offerta turistica;<\/li>\n<li style=\"text-align: justify;\">incentivazione di attivit\u00e0 intese al miglioramento dei servizi ricettivi, dei servizi complementari e di altri prodotti e servizi ad essi connessi;<\/li>\n<li style=\"text-align: justify;\">fruibilit\u00e0 delle risorse di interesse turistico, di istituzione e\/o gestione degli uffici di informazione al turista \u2013 consumatore;<\/li>\n<li style=\"text-align: justify;\">ottimizzazione della qualit\u00e0 del sistema regionale dell\u2019accoglienza, per linea di prodotto.<br \/>\nLa PMC provvede alla creazione e alla promozione ed alla commercializzazione delle proposte di prodotto turistico alla carta e\/o a pacchetto nel rispetto delle normative nazionali e comunitarie e di ogni convenzione internazionale.<\/li>\n<\/ul>\n<h4 style=\"text-align: justify;\"><\/h4>\n<h4 style=\"text-align: justify;\"><b>Prerogative<\/b><\/h4>\n<p style=\"text-align: justify;\"><b><\/b>La PMC, in qualit\u00e0 di soggetto unico, societ\u00e0 senza scopo di lucro ed altamente specializzata per le diverse linee di prodotto, pu\u00f2 operare sia come soggetto fornitore, gestore e\/o esecutore, attuatore e\/o realizzatore, sia come soggetto beneficiario, attuatore e gestore di finanziamenti e sovvenzioni in regime di aiuto.<\/p>\n<p style=\"text-align: justify;\">Nel caso di attivit\u00e0 sperimentali e\/o innovazione, potr\u00e0 operare come Polo di Innovazione e di conseguenza in regime di aiuto in deroga ai sensi del Reg 651\/2014. Pu\u00f2 altres\u00ec operare in qualit\u00e0 di organismo intermedio per l&#8217;attuazione di specifiche azioni, interventi, attivit\u00e0 o progetti, nonch\u00e9 in qualit\u00e0 di soggetto gestore di attivit\u00e0, azioni, piani e programmi in riferimento ai regolamenti ed alla programmazione comunitaria, nazionale, interregionale e regionale a valere sui PO e programmi SIE o ad accesso diretto.<\/p>\n<p style=\"text-align: justify;\">\n<p style=\"text-align: justify;\"><em>Vai a\u00a0<a href=\"https:\/\/abruzzoinnovatur.it\/index.php\/pmc-abruzzo\/servizi-pmc-abruzzo\/\">Servizi PMC Abruzzo<\/a><\/em><\/p>\n","protected":false},"excerpt":{"rendered":"<p>La Legge regionale abruzzese n.15\/2015 \u201cIl sistema di governance turistica regionale\u201d individua la Product Management Company (PMC) come organizzazione orizzontale di governance regionale e project management, aperta all&#8217;accesso ed alla partecipazione di operatori pubblici o privati, che elabora e gestisce lo sviluppo turistico riferito ad uno o pi\u00f9 prodotti regionali attraverso la partecipazione finanziaria degli&hellip; <br \/> <a class=\"button small blue\" href=\"https:\/\/abruzzoinnovatur.it\/index.php\/pmc-abruzzo\/cose-la-pmc\/\">Leggi tutto<\/a><\/p>\n","protected":false},"author":2,"featured_media":0,"parent":153,"menu_order":0,"comment_status":"closed","ping_status":"closed","template":"","meta":{"footnotes":""},"class_list":["post-597","page","type-page","status-publish","hentry"],"_links":{"self":[{"href":"https:\/\/abruzzoinnovatur.it\/index.php\/wp-json\/wp\/v2\/pages\/597"}],"collection":[{"href":"https:\/\/abruzzoinnovatur.it\/index.php\/wp-json\/wp\/v2\/pages"}],"about":[{"href":"https:\/\/abruzzoinnovatur.it\/index.php\/wp-json\/wp\/v2\/types\/page"}],"author":[{"embeddable":true,"href":"https:\/\/abruzzoinnovatur.it\/index.php\/wp-json\/wp\/v2\/users\/2"}],"replies":[{"embeddable":true,"href":"https:\/\/abruzzoinnovatur.it\/index.php\/wp-json\/wp\/v2\/comments?post=597"}],"version-history":[{"count":7,"href":"https:\/\/abruzzoinnovatur.it\/index.php\/wp-json\/wp\/v2\/pages\/597\/revisions"}],"predecessor-version":[{"id":1246,"href":"https:\/\/abruzzoinnovatur.it\/index.php\/wp-json\/wp\/v2\/pages\/597\/revisions\/1246"}],"up":[{"embeddable":true,"href":"https:\/\/abruzzoinnovatur.it\/index.php\/wp-json\/wp\/v2\/pages\/153"}],"wp:attachment":[{"href":"https:\/\/abruzzoinnovatur.it\/index.php\/wp-json\/wp\/v2\/media?parent=597"}],"curies":[{"name":"wp","href":"https:\/\/api.w.org\/{rel}","templated":true}]}}