{"id":58,"date":"2018-07-06T16:13:35","date_gmt":"2018-07-06T15:13:35","guid":{"rendered":"https:\/\/abruzzoinnovatur.it\/?page_id=58"},"modified":"2020-06-17T12:25:12","modified_gmt":"2020-06-17T11:25:12","slug":"societa","status":"publish","type":"page","link":"https:\/\/abruzzoinnovatur.it\/index.php\/societa\/","title":{"rendered":"Societ\u00e0"},"content":{"rendered":"<p style=\"text-align: justify;\">Abruzzo Innovazione Turismo \u00e8 una societ\u00e0 consortile a responsabilit\u00e0 limitata, senza scopo\u00a0di lucro e a finalit\u00e0 mutualistiche, con sede a Castel di Sangro in Abruzzo.<br \/>\nLa partecipazione \u00e8 aperta a qualsiasi soggetto ed organismo che condivida l\u2019oggetto sociale e voglia sottoscrivere quote, purch\u00e9 rispetti statuto e regolamento societario. Attraverso i suoi soci la societ\u00e0 coinvolge direttamente e\/o indirettamente oltre 2000 operatori attivi nella produzione di servizi e proposte turistiche regionali.<\/p>\n<h4 style=\"text-align: left;\"><a href=\"https:\/\/abruzzoinnovatur.it\/index.php\/societa\/societa\/\">Mission<\/a><\/h4>\n<h4 style=\"text-align: left;\"><a href=\"https:\/\/abruzzoinnovatur.it\/index.php\/societa\/struttura\/\">Struttura<\/a><\/h4>\n<h4 style=\"text-align: left;\"><a href=\"https:\/\/abruzzoinnovatur.it\/index.php\/societa\/soci\/\">Soci<\/a><\/h4>\n<h4 style=\"text-align: left;\"><a href=\"https:\/\/abruzzoinnovatur.it\/index.php\/societa\/atti-societari\/\">Atti Societari<\/a><\/h4>\n<p style=\"text-align: left;\">\n","protected":false},"excerpt":{"rendered":"<p>Abruzzo Innovazione Turismo \u00e8 una societ\u00e0 consortile a responsabilit\u00e0 limitata, senza scopo\u00a0di lucro e a finalit\u00e0 mutualistiche, con sede a Castel di Sangro in Abruzzo. La partecipazione \u00e8 aperta a qualsiasi soggetto ed organismo che condivida l\u2019oggetto sociale e voglia sottoscrivere quote, purch\u00e9 rispetti statuto e regolamento societario. Attraverso i suoi soci la societ\u00e0 coinvolge&hellip; <br \/> <a class=\"button small blue\" href=\"https:\/\/abruzzoinnovatur.it\/index.php\/societa\/\">Leggi tutto<\/a><\/p>\n","protected":false},"author":2,"featured_media":0,"parent":0,"menu_order":0,"comment_status":"closed","ping_status":"closed","template":"","meta":{"footnotes":""},"class_list":["post-58","page","type-page","status-publish","hentry"],"_links":{"self":[{"href":"https:\/\/abruzzoinnovatur.it\/index.php\/wp-json\/wp\/v2\/pages\/58"}],"collection":[{"href":"https:\/\/abruzzoinnovatur.it\/index.php\/wp-json\/wp\/v2\/pages"}],"about":[{"href":"https:\/\/abruzzoinnovatur.it\/index.php\/wp-json\/wp\/v2\/types\/page"}],"author":[{"embeddable":true,"href":"https:\/\/abruzzoinnovatur.it\/index.php\/wp-json\/wp\/v2\/users\/2"}],"replies":[{"embeddable":true,"href":"https:\/\/abruzzoinnovatur.it\/index.php\/wp-json\/wp\/v2\/comments?post=58"}],"version-history":[{"count":30,"href":"https:\/\/abruzzoinnovatur.it\/index.php\/wp-json\/wp\/v2\/pages\/58\/revisions"}],"predecessor-version":[{"id":919,"href":"https:\/\/abruzzoinnovatur.it\/index.php\/wp-json\/wp\/v2\/pages\/58\/revisions\/919"}],"wp:attachment":[{"href":"https:\/\/abruzzoinnovatur.it\/index.php\/wp-json\/wp\/v2\/media?parent=58"}],"curies":[{"name":"wp","href":"https:\/\/api.w.org\/{rel}","templated":true}]}}