{"id":526,"date":"2019-03-14T13:22:55","date_gmt":"2019-03-14T12:22:55","guid":{"rendered":"https:\/\/abruzzoinnovatur.it\/?page_id=526"},"modified":"2020-02-21T17:41:29","modified_gmt":"2020-02-21T16:41:29","slug":"assistenza-tecnica-accordo-di-programma-tra-mibact-e-regione-abruzzo","status":"publish","type":"page","link":"https:\/\/abruzzoinnovatur.it\/index.php\/polo-abruzzo-innovatur\/assistenza-tecnica-accordo-di-programma-tra-mibact-e-regione-abruzzo\/","title":{"rendered":"Assistenza Tecnica &#8211; AdP tra MiBACT e Regione Abruzzo"},"content":{"rendered":"<p style=\"text-align: center;\"><strong>Accordo di Programma tra<\/strong><br \/>\n<strong>Ministero dei Beni e delle Attivit\u00e0 Culturali e del Turismo e Regione Abruzzo<\/strong><br \/>\n<strong>per conto della Commissione Speciale Turismo e Industria Alberghiera<\/strong><\/p>\n<p style=\"text-align: justify;\">Con l\u2019Accordo di Programma, sottoscritto dalle parti in data 30\/12\/2016 il MiBACT ha assegnato alla Regione Abruzzo, in qualit\u00e0 di regione coordinatrice della Commissione Turismo e Industria Alberghiera, l\u2019espletamento delle seguenti iniziative:<\/p>\n<ul>\n<li style=\"text-align: justify;\">Predisposizione del Catalogo delle destinazioni e dei prodotti turistici;<\/li>\n<li style=\"text-align: justify;\">Predisposizione dell\u2019Atlante dei Cammini;<\/li>\n<li style=\"text-align: justify;\">Predisposizione delle Guida dei Paesaggi Italiani;<\/li>\n<li style=\"text-align: justify;\">Ottimizzazione dei metodi di raccolta delle informazioni statistiche in materia turistica;<\/li>\n<li style=\"text-align: justify;\">Armonizzazione dei data base relativi alle guide turistiche e alle imprese ricettive;<\/li>\n<\/ul>\n<p style=\"text-align: justify;\">In data 10\/04\/2017 la Direzione Generale Turismo del MIBACT ha approvato il Piano Esecutivo e la Regione Abruzzo, operando nel rispetto di ogni procedura di evidenza pubblica ed informando il Coordinamento Tecnico del Turismo, ha affidato ad Abruzzo Innovazione Turismo (convezione del 07\/08\/2017) l&#8217;attivit\u00e0 di supporto tecnico, in qualit\u00e0 di soggetto unico, esclusivo e specializzato, per gestire le varie fasi e procedure di attivazione per l\u2019attuazione del progetto.<\/p>\n<p style=\"text-align: justify;\"><span style=\"text-decoration: underline;\"><strong>ATTIVITA\u2019 SVOLTE DA\u00a0ABRUZZO INNOVAZIONE TURISMO<br \/>\n<\/strong><\/span>Abruzzo Innovazione Turismo (AIT), in qualit\u00e0 di Polo di Innovazione per il Turismo, considerati i contenuti, i prodotti turistici, i format e le piattaforme innovative per la ottimizzazione delle proposte turistiche regionali\/provinciali da ricondurre ad unitariet\u00e0 ed omogeneit\u00e0 di offerta nazionale,\u00a0 \u00e8 stato individuato dalla Regione Abruzzo attraverso apposita convenzione quale organismo tecnico e specialistico di supporto per la realizzazione delle attivit\u00e0\/azioni individuate dal Piano Esecutivo &#8211; CUP C51E17000250001 &#8211; afferenti all\u2019AdP tra MiBACT e Regione Abruzzo per conto della Commissione Speciale Turismo e Industria Alberghiera.<\/p>\n<p style=\"text-align: justify;\">Le operazioni seguite da AIT, a partire dal mese di agosto 2017, sono state essenzialmente svolte su pi\u00f9 fronti e sulle diverse fasi di attuazione dell\u2019AdP.<\/p>\n<p style=\"text-align: justify;\">AIT ha fornito, attraverso la presenza ed il coinvolgimento di professionisti qualificati, ogni supporto ed assistenza tecnica e turistica al coordinamento, ai tavoli ed alle task force di azione, alla Regione Abruzzo ed ai referenti delle regioni e province autonome coinvolte come capofila di azione o partner nelle attivit\u00e0 afferenti all\u2019AdP. Ha presenziato ed interloquito in ogni fase e situazione di approfondimento, definizione, mediazione, ottimizzazione, rimodulazione, realizzazione e validazione di contenuti, procedure e produzioni di output per l&#8217;AdP.<\/p>\n<p style=\"text-align: justify;\">Durante le attivit\u00e0 di assistenza, AIT ha operato tenendo in conto anche ogni adattamento delle specifiche attivit\u00e0 in riferimento alla evoluzione del contesto operativo ed agli altri progetti\/programmi di investimento sul turismo messi in campo da diversi organismi e a valere su differenti risorse, ottimizzando la complementarit\u00e0 fra azioni ed attivit\u00e0, la capitalizzazione di strumenti ed asset, la coerenza programmatica con le strategie unitarie nazionali, la sinergia e la razionalizzazione della spesa.<\/p>\n<p style=\"text-align: justify;\">Fra le attivit\u00e0 di supporto, oltre alla presenza di personale qualificato durante le attivit\u00e0 AdP, sono stati progettati e predisposti format, modelli e strumenti al fine di garantire omogeneit\u00e0 di edizione progettuale, coerenza e complementarit\u00e0 di azione, linearit\u00e0 metodologica, correttezza di procedimento e di operativit\u00e0, quali ad esempio la\u00a0 predisposizione del format\/scheda di progetto esecutivo per azione, le bozze di convenzione, contratti e documenti vincolanti con i fornitori, capitolati tecnici di gara e\/o di affidamento, revisione su attivit\u00e0 e bozze di output realizzati da parte dei fornitori individuati.<\/p>\n<p style=\"text-align: justify;\">Sono stati altres\u00ec garantiti il mantenimento dei rapporti, dei confronti, degli approfondimenti e delle mediazioni sulle linee di progetto e di azione, nonch\u00e9 su specifici aspetti operativi e di dettaglio evidenziati nella realizzazione delle specifiche attivit\u00e0 progettuali, presenziando attraverso interlocuzioni con il Ministero, il Coordinamento delle regioni, le regioni capofila e partner di attuazione e con i fornitori realizzatori.<\/p>\n<p style=\"text-align: justify;\">Ultima attivit\u00e0 svolta da AIT \u00e8 stata quella relativa alle fasi di conclusione delle Azioni AdP: attivit\u00e0 di collazione delle relazioni finali ed output rese dalle regioni capofila e dai fornitori individuati che sono confluite nel report finale di attuazione dell\u2019AdP, sia nelle fasi di avvio dell&#8217;Addendum all\u2019AdP in coerenza con quanto realizzato, proseguendo e rafforzando le attivit\u00e0 gi\u00e0 svolte e gli strumenti gi\u00e0 definiti ed implementati.<\/p>\n<p>&nbsp;<\/p>\n<p style=\"text-align: center;\"><strong>Addendum 2017\/2018 all\u2019 Accordo di Programma tra<br \/>\nMinistero dei Beni e delle Attivit\u00e0 Culturali e del Turismo e Regione Abruzzo<br \/>\nper conto della Commissione Speciale Turismo e Industria Alberghiera<\/strong><\/p>\n<p style=\"text-align: justify;\">L\u2019Addendum del 28\/12\/2017 sottoscritto dagli Enti a completamento del precedente Accordo, realizza le seguenti ulteriori azioni nel termine del 30\/10\/2018, successivamente prorogato al 30\/10\/2019, sempre in coerenza con le linee di intervento del PST:<br \/>\n1. Valorizzazione delle risorse enogastronomiche;<br \/>\n2. Strutturazione e implementazione di una Piattaforma per l\u2019interoperabilit\u00e0 digitale che prevede un DMS Destination Management System;<br \/>\n3. Sviluppo e valorizzazione dei borghi italiani e dei cammini come luoghi del turismo lento, dell\u2019autenticit\u00e0 e qualit\u00e0 della vita;<br \/>\n4. Incremento del turismo montano attraverso il miglioramento della fruibilit\u00e0 della montagna estiva e invernale;<\/p>\n<p style=\"text-align: justify;\">La Regione Abruzzo, in qualit\u00e0 di Coordinatrice, agisce in nome e per conto della Commissione Speciale Turismo e Industria Alberghiera della Conferenza delle Regioni e Province Autonome relativamente alla realizzazione di iniziative e progetti nell&#8217;ambito delle finalit\u00e0 individuate dal Piano Strategico del Turismo e si avvale di Abruzzo Innovazione Turismo quale organismo tecnico e specialistico per la realizzazione delle attivit\u00e0\/azioni individuate dal Piano Esecutivo.<\/p>\n<p style=\"text-align: justify;\"><span style=\"text-decoration: underline;\"><strong>ATTIVITA\u2019 SVOLTE DA\u00a0ABRUZZO INNOVAZIONE TURISMO<\/strong><\/span><br \/>\nIn particolare, Abruzzo Innovazione Turismo:<br \/>\n&#8211; Ha svolto azione di coordinamento tra le Regioni in tutta la fase istruttoria delle singole azioni specifiche;<br \/>\n&#8211; Ha effettuto l\u2019istruttoria tecnica-amministrativa e specialistica di tutti gli interventi previsti dal Piano Esecutivo;<br \/>\n&#8211; Ha fornito supporto tecnico specialistico alla Regione Abruzzo per la predisposizione degli atti necessari alla realizzazione delle singole azioni specifiche;<br \/>\n&#8211; Ha relazionato costantemente sulle attivit\u00e0 di supporto svolte e sullo stato di avanzamento delle attivit\u00e0 del Piano e della spesa al fine di monitorare lo stato di avanzamento relativamente al quadro economico;<br \/>\n&#8211; Ha fornito assistenza alla Regione Abruzzo nelle operazioni di monitoraggio e valutazione, oltrech\u00e9 alle attivit\u00e0 di rendicontazione della spesa.<\/p>\n","protected":false},"excerpt":{"rendered":"<p>Accordo di Programma tra Ministero dei Beni e delle Attivit\u00e0 Culturali e del Turismo e Regione Abruzzo per conto della Commissione Speciale Turismo e Industria Alberghiera Con l\u2019Accordo di Programma, sottoscritto dalle parti in data 30\/12\/2016 il MiBACT ha assegnato alla Regione Abruzzo, in qualit\u00e0 di regione coordinatrice della Commissione Turismo e Industria Alberghiera, l\u2019espletamento&hellip; <br \/> <a class=\"button small blue\" href=\"https:\/\/abruzzoinnovatur.it\/index.php\/polo-abruzzo-innovatur\/assistenza-tecnica-accordo-di-programma-tra-mibact-e-regione-abruzzo\/\">Leggi tutto<\/a><\/p>\n","protected":false},"author":2,"featured_media":0,"parent":149,"menu_order":0,"comment_status":"closed","ping_status":"closed","template":"","meta":{"footnotes":""},"class_list":["post-526","page","type-page","status-publish","hentry"],"_links":{"self":[{"href":"https:\/\/abruzzoinnovatur.it\/index.php\/wp-json\/wp\/v2\/pages\/526"}],"collection":[{"href":"https:\/\/abruzzoinnovatur.it\/index.php\/wp-json\/wp\/v2\/pages"}],"about":[{"href":"https:\/\/abruzzoinnovatur.it\/index.php\/wp-json\/wp\/v2\/types\/page"}],"author":[{"embeddable":true,"href":"https:\/\/abruzzoinnovatur.it\/index.php\/wp-json\/wp\/v2\/users\/2"}],"replies":[{"embeddable":true,"href":"https:\/\/abruzzoinnovatur.it\/index.php\/wp-json\/wp\/v2\/comments?post=526"}],"version-history":[{"count":9,"href":"https:\/\/abruzzoinnovatur.it\/index.php\/wp-json\/wp\/v2\/pages\/526\/revisions"}],"predecessor-version":[{"id":888,"href":"https:\/\/abruzzoinnovatur.it\/index.php\/wp-json\/wp\/v2\/pages\/526\/revisions\/888"}],"up":[{"embeddable":true,"href":"https:\/\/abruzzoinnovatur.it\/index.php\/wp-json\/wp\/v2\/pages\/149"}],"wp:attachment":[{"href":"https:\/\/abruzzoinnovatur.it\/index.php\/wp-json\/wp\/v2\/media?parent=526"}],"curies":[{"name":"wp","href":"https:\/\/api.w.org\/{rel}","templated":true}]}}