{"id":206,"date":"2019-03-05T18:26:18","date_gmt":"2019-03-05T17:26:18","guid":{"rendered":"https:\/\/abruzzoinnovatur.it\/?page_id=206"},"modified":"2021-02-10T18:35:34","modified_gmt":"2021-02-10T17:35:34","slug":"mission","status":"publish","type":"page","link":"https:\/\/abruzzoinnovatur.it\/index.php\/societa\/mission\/","title":{"rendered":"Mission"},"content":{"rendered":"<p style=\"text-align: justify;\">Gli obiettivi sociali sono coerenti con le politiche di sviluppo della Unione Europea:<\/p>\n<ul>\n<li style=\"text-align: justify;\">Migliorare la <strong>competitivit\u00e0<\/strong> dell&#8217;offerta turistica regionale in termini di accessibilit\u00e0, fruibilit\u00e0, qualit\u00e0, sicurezza, conoscenza;<\/li>\n<li style=\"text-align: justify;\">Migliorare la <strong>sostenibilit\u00e0<\/strong> nel turismo rispetto all&#8217;impiego delle risorse (acqua, energia, etc.) e alla gestione dei rifiuti, favorendo e aumentando l&#8217;impiego di tecnologie avanzate;<\/li>\n<li style=\"text-align: justify;\">Favorire l&#8217;acquisizione, diffusione ed utilizzo di innovazione di processo e di prodotto presso gli operatori che operano nel turismo;<\/li>\n<\/ul>\n<p style=\"text-align: justify;\">Abruzzo Innovazione Turismo opera formalmente come soggetto esclusivo, unico e di alta specializzazione in <strong>due differenti e specifiche aree operative<\/strong> di produzione e servizi:<\/p>\n<ul>\n<li style=\"text-align: justify;\"><a href=\"https:\/\/abruzzoinnovatur.it\/index.php\/polo-abruzzo-innovatur\/\"><strong>Polo di Innovazione per il Turismo<\/strong><\/a> &#8211; organismo tecnico specializzato, riconosciuto in riferimento alla L.R. 40\/12 e al Reg. UE. 651\/14, per la progettazione, la ricerca, lo sviluppo, la sperimentazione e la gestione di asset e soluzioni innovative di processo e di prodotto per il dominio \u201cTurismo\u201d, al fine di migliorare la diffusione di implementazione delle stesse e la competitivit\u00e0 della offerta turistica regionale.<\/li>\n<\/ul>\n<ul>\n<li style=\"text-align: justify;\"><a href=\"https:\/\/abruzzoinnovatur.it\/index.php\/pmc-abruzzo\/\"><strong>PMC &#8211; Product management Company<\/strong><\/a> &#8211; La \u201cCompagnia\u201d individuata con L.R. n. 15\/15\u00a0 per la produzione, organizzazione, gestione e promo-commercializzazione delle linee di prodotto regionali riallestite e riproposte dalle destinazioni e dalle rispettive DMC.<\/li>\n<\/ul>\n","protected":false},"excerpt":{"rendered":"<p>Gli obiettivi sociali sono coerenti con le politiche di sviluppo della Unione Europea: Migliorare la competitivit\u00e0 dell&#8217;offerta turistica regionale in termini di accessibilit\u00e0, fruibilit\u00e0, qualit\u00e0, sicurezza, conoscenza; Migliorare la sostenibilit\u00e0 nel turismo rispetto all&#8217;impiego delle risorse (acqua, energia, etc.) e alla gestione dei rifiuti, favorendo e aumentando l&#8217;impiego di tecnologie avanzate; Favorire l&#8217;acquisizione, diffusione ed&hellip; <br \/> <a class=\"button small blue\" href=\"https:\/\/abruzzoinnovatur.it\/index.php\/societa\/mission\/\">Leggi tutto<\/a><\/p>\n","protected":false},"author":2,"featured_media":0,"parent":58,"menu_order":0,"comment_status":"closed","ping_status":"closed","template":"","meta":{"footnotes":""},"class_list":["post-206","page","type-page","status-publish","hentry"],"_links":{"self":[{"href":"https:\/\/abruzzoinnovatur.it\/index.php\/wp-json\/wp\/v2\/pages\/206"}],"collection":[{"href":"https:\/\/abruzzoinnovatur.it\/index.php\/wp-json\/wp\/v2\/pages"}],"about":[{"href":"https:\/\/abruzzoinnovatur.it\/index.php\/wp-json\/wp\/v2\/types\/page"}],"author":[{"embeddable":true,"href":"https:\/\/abruzzoinnovatur.it\/index.php\/wp-json\/wp\/v2\/users\/2"}],"replies":[{"embeddable":true,"href":"https:\/\/abruzzoinnovatur.it\/index.php\/wp-json\/wp\/v2\/comments?post=206"}],"version-history":[{"count":11,"href":"https:\/\/abruzzoinnovatur.it\/index.php\/wp-json\/wp\/v2\/pages\/206\/revisions"}],"predecessor-version":[{"id":1161,"href":"https:\/\/abruzzoinnovatur.it\/index.php\/wp-json\/wp\/v2\/pages\/206\/revisions\/1161"}],"up":[{"embeddable":true,"href":"https:\/\/abruzzoinnovatur.it\/index.php\/wp-json\/wp\/v2\/pages\/58"}],"wp:attachment":[{"href":"https:\/\/abruzzoinnovatur.it\/index.php\/wp-json\/wp\/v2\/media?parent=206"}],"curies":[{"name":"wp","href":"https:\/\/api.w.org\/{rel}","templated":true}]}}