{"id":182,"date":"2019-03-05T17:36:54","date_gmt":"2019-03-05T16:36:54","guid":{"rendered":"https:\/\/abruzzoinnovatur.it\/?page_id=182"},"modified":"2021-06-18T13:49:05","modified_gmt":"2021-06-18T12:49:05","slug":"soci","status":"publish","type":"page","link":"https:\/\/abruzzoinnovatur.it\/index.php\/societa\/soci\/","title":{"rendered":"Soci"},"content":{"rendered":"<p style=\"text-align: justify;\">Il Polo, oltre ai suoi soci di primo livello, si avvale di un sistema di partnership articolato di partecipazione, responsabilit\u00e0, impegno economico finanziario che coinvolge oltre 2000 PMI attive nel turismo abruzzese, centri di ricerca, supportando in alcuni casi le Federazioni delle Organizzazioni di Categoria e gestendo le attivit\u00e0 operative dei due Distretti Turistici riconosciuti, cooperando con importanti istituzioni ed organismi di livello nazionale ed internazionale sui temi del turismo.<\/p>\n<p style=\"text-align: justify;\">La societ\u00e0 consortile a responsabilit\u00e0 limitata Abruzzo Innovazione Turismo \u00e8 costituita dai seguenti soci di primo livello:<\/p>\n<p style=\"text-align: justify;\"><strong>Alto Sangro Turismo soc.cons.ar.l.\u00a0<\/strong><br \/>\nLa DMC, costituita dalla partnership di associazioni imprenditori, operatori turistici e culturali, attivi nell&#8217;area dell&#8217;Altopiano delle Cinquemiglia, Parco Nazionale d\u2019Abruzzo Lazio e Molise e Alta Valle del Sagittario, ha l&#8217;obiettivo principale di sostenere lo sviluppo turistico della zona, nel pi\u00f9 ampio contesto regionale e nazionale.<br \/>\n<a href=\"https:\/\/altosangroturismo.it\/\" target=\"_blank\" rel=\"noopener\">www.altosangroturismo.it<\/a><\/p>\n<p style=\"text-align: justify;\"><strong>Consorzio Riviera del Sole<br \/>\n<\/strong>Il Consorzio Riviera del Sole riunisce operatori balneari per permettere ai consorziati di migliorare i servizi e le attivit\u00e0 legate al settore turistico balneare. Questa comunione di intenti rende possibile il conseguimento di obiettivi difficilmente raggiungibili per il singolo come ad esempio salvaguardare e migliorare in generale l&#8217;attivit\u00e0 turistico balneare, la sicurezza dei bagnanti migliorando i servizi di salvataggio, curare la protezione ed il miglioramento degli arenili e delle acque, in particolare la loro pulizia, acquistare tutte le attrezzature necessarie per il turismo balneare, interagire con le Capitanerie di Porto e tutti gli Enti competenti per proporre ed effettuare miglioramenti dei servizi esistenti.<\/p>\n<p style=\"text-align: justify;\"><strong>Consorzio Abruzzo Promotion<br \/>\n<\/strong>E&#8217; nato per valorizzare e migliorare l\u2019offerta turistica en plein air ed all\u2019aria aperta del territorio abruzzese, svolge le sue principali attivit\u00e0 a favore dei Campeggi e Villaggi Turistici d\u2019Abruzzo. Esse sono rivolte prevalentemente al Marketing ed alla promozione turistica. In particolare il Consorzio\u00a0 propone alle proprie imprese un programma di attivit\u00e0 promozionale progettato in modo specifico per la potenziale clientela, le azioni sono principalmente orientate ai mercati stranieri del Nord Europa (Olanda, Belgio, Germania, Svizzera), mercati dell\u2019Est Europa e mercato nazionale delle regioni del Nord e Centro Italia.<br \/>\n<a href=\"http:\/\/www.abruzzocamping.it\/\" target=\"_blank\" rel=\"noopener\">www.abruzzocamping.it<\/a><\/p>\n<p style=\"text-align: justify;\"><strong>Consorzio Abruzzotravelling<br \/>\n<\/strong>E&#8217; nato nel maggio 2005 per valorizzare e migliorare l&#8217;offerta turistica nel territorio abruzzese con una chiara vision: attuare un sistema regionale turistico ricettivo ad ampio raggio mettendo \u201cin rete\u201d risorse, know how e strategie di marketing raccolte e collazionate dal pi\u00f9 alto numero possibile di aziende.<br \/>\n<a href=\"http:\/\/www.abruzzotravelling.com\/\" target=\"_blank\" rel=\"noopener\">www.abruzzotravelling.com<\/a><\/p>\n<p style=\"text-align: justify;\"><strong style=\"font-size: 18px; text-align: justify;\">DMC Hadriatica soc. cons.ar.l.<br \/>\n<\/strong><span style=\"font-family: 'Source Sans Pro', sans-serif; font-size: 18px; text-align: justify;\">La Destination Management Company<\/span><span style=\"font-family: 'Source Sans Pro', sans-serif; font-size: 18px; text-align: justify;\">\u00a0HADRIATICA \u201cex Costa dei Parchi d\u2019Abruzzo\u201d, \u00e8 stata costituita il 23 marzo 2013, nel rispetto di quanto stabilito all\u2019art. 6 dell\u2019Avviso Pubblico della Regione Abruzzo denominato \u201cSelezione e concessione di aiuti alle Destination Management Company (DMC) ed ai loro Progetti di Sviluppo Turistico di Destinazione\u201d -Linea di Azione 1.3.1 d \u2013 PAR FAS ABRUZZO 2007 \u2014 2013. In particolare la Societ\u00e0 Consortile\u00a0<\/span><span style=\"font-family: 'Source Sans Pro', sans-serif; font-size: 18px; text-align: justify;\">\u00e8 composta da 83 soci di cui n. 82 soci privati ed 1 socio pubblico (Ente Porto di Giulianova) impegnati nella creazione, promozione e commercializzazione dell\u2019offerta turistica di destinazione;\u00a0<\/span><span style=\"font-family: 'Source Sans Pro', sans-serif; font-size: 18px; text-align: justify;\">\u00e8 composta da n. 39 soci attivi nella produzione di servizi ricettivi,\u00a0<\/span><span style=\"font-family: 'Source Sans Pro', sans-serif; font-size: 18px; text-align: justify;\">\u00e8 composta da soci che hanno sede operativa in n. 12 Comuni della Regione Abruzzo, di cui n. 10 limitrofi.<br \/>\n<\/span><a style=\"font-size: 18px;\" href=\"http:\/\/www.dmchadriatica.it\/\">www.dmchadriatica.it<\/a><\/p>\n<p style=\"text-align: justify;\"><strong>Costa dei Trabocchi soc.cons.ar.l.<\/strong><br \/>\nIl Gruppo di Azione Locale GAL Costa dei Trabocchi \u00e8 un partenariato pubblico\/privato costituitosi nel novembre del 2016, composto da Enti pubblici, associazioni di categoria e soggetti privati che rappresentano il tessuto economico e sociale del territorio per un totale di 48 soci. Il GAL \u2013 in attuazione della Misura 19 \u201cSostegno allo sviluppo Locale LEADER\u201d del Piano di Sviluppo Rurale 2014-2020 della Regione Abruzzo \u2013 \u00e8 titolato a gestire fondi per lo sviluppo territoriale, al fine di creare occupazione e migliorare le condizioni generali di vita nei comuni della Costa dei Trabocchi. Un\u2019ampia e qualificata alleanza rappresentativa delle principali forze economiche e amministrative di un territorio che interessa 17 comuni ricadenti nella provincia di Chieti, che ha tracciato in linea con l\u2019approccio LEADER una strategia unitaria, pertinente e adeguata al territorio della Costa dei Trabocchi, sulla base della quale \u00e8 stato redatto il PSL- Piano d\u2019Azione Locale.<br \/>\n<a href=\"http:\/\/galcostadeitrabocchi.it\/\">www.galcostadeitrabocchi.it<\/a><\/p>\n<p style=\"text-align: justify;\"><strong>Societ\u00e0 Consortile Maiella Verde ar.l.<br \/>\n<\/strong>Il GAL Maiella Verde \u00e8 una societ\u00e0 il cui partenariato \u00e8 composto da rappresentanti degli interessi socio-economici locali sia pubblici che privati del territorio. Il GAL contribuisce allo sviluppo locale delle aree rurali della provincia di Chieti progettando ed attuando Piani di Sviluppo Locale.\u00a0Nel 1992, grazie alle esortazioni di alcuni funzionari della Commissione Europea e all&#8217;iniziativa di un piccolo gruppo di operatori e tecnici della Maiella Orientale, nasce il Gruppo di Azione Locale \u201cMaiella Verde\u201d.\u00a0 In occasione dei primi tre Programmi di Iniziativa Comunitaria, Leader I (1991-1993), Leader II (1994-1999) e Leader+ (2000-2006), il GAL Maiella Verde progetta e attua tre PAL (Piani di Azione Locale) per sostenere lo sviluppo locale dei territori e delle comunit\u00e0 rurali delle valli del Sangro e dell\u2019Aventino. Il territorio interessato dai PAL, grazie anche all&#8217;iniziativa del Patto Territoriale, diventa un \u201ccaso\u201d in materia di sviluppo locale al livello nazionale ed europeo. L\u2019Esperienza positiva del GAL prosegue nel 2007 con la realizzazione del Piano di Sviluppo Locale (PSL) attuato nell&#8217;ambito dell\u2019Asse IV del Piano di Sviluppo Rurale (PSR), Regione Abruzzo 2007-2013. Attualmente Maiella Verde \u00e8 impegnata nell&#8217;attuazione del Suo V\u00b0 Piano di Sviluppo Locale nell&#8217;ambito della Misura 19 del Piano di Sviluppo Rurale (PSR), Regione Abruzzo 2014-2020, che coinvolge come nella precedente programmazione dei fondi strutturali, aree interne e aree collinari rurali della provincia di Chieti.<br \/>\n<a href=\"http:\/\/www.maiellaverde.it\/\">www.maiellaverde.it<\/a><\/p>\n<p style=\"text-align: justify;\"><strong>Societ\u00e0 Consortile a r.l. GAL Abruzzo Italico Alto Sangro srl<br \/>\n<\/strong>Il GAL Abruzzo Italico Alto Sangro \u00e8 una societ\u00e0 consortile, composta da soggetti pubblici e privati , 35 soci tra cui imprese, enti pubblici, associazioni di categoria, istituti finanziari.<br \/>\nLa societ\u00e0 nasce il 20 Settembre 2002 come Gruppo di Azione Locale con la finalit\u00e0 di promuovere lo sviluppo locale in provincia di L\u2019Aquila.<br \/>\n<a href=\"http:\/\/www.galabruzzo.it\/\">www.galabruzzo.it<\/a><strong><br \/>\n<\/strong><\/p>\n<p style=\"text-align: justify;\"><strong>Terre Pescaresi Soc. cons. a r .l.<\/strong><br \/>\nLa societ\u00e0 consortile Terre Pescaresi a r.l., \u00e8 composta da soggetti pubblici e privati del territorio delle Terre Pescaresi, 113 soci tra imprese, enti locali, associazioni di categoria, istituti finanziari. Nasce\u00a0nel 2001 con lo scopo di programmare e pianificare progetti di sviluppo sostenibili all&#8217;interno di ambiti territoriali omogenei e con l\u2019obiettivo di elaborare modelli innovativi per una gestione condivisa ed integrata delle risorse in aree rurali. Tra i progetti attuari vi sono: il PSL nelle aree interne della provincia di Pescara nell&#8217;ambito del Piano d\u2019Intervento Comunitario Leader Plus cofinanziato dalla Comunit\u00e0 Economica Europea, dallo Stato e dalla Regione Abruzzo. Il Progetto \u201cRintracciabilit\u00e0 dei prodotti e problematiche connesse con produzioni geneticamente modificate (OGM)\u201d cofinanziato dallo Stato e dalla Regione Abruzzo. Il Progetto \u201cS C S I Strategie Comuni per uno Sviluppo Integrato\u201d realizzato in partnership con sette comuni delle Terre Pescaresi. Il Piano di Sviluppo Locale PSL delle aree interne della provincia di Pescara finanziato da Unione Europea, Stato e Regione Abruzzo nell&#8217;ambito del PSR 2007 \u2013 2013 Asse IV Approccio Leader,\u00a0PSR Regione Abruzzo 2014-2020. Terre Pescaresi \u00e8 anche DMC &#8211; Destination Management Company &#8211; ed ha promosso il nuovo sistema di gestione della destinazione turistica\u00a0al fine di creare un network di destinazione per la promozione, valorizzazione e vendita dei prodotti e servizi turistici offerti dagli associati. Fin dalla sua fondazione Terre Pescaresi ha investito diverse risorse nelle attivit\u00e0 di formazione professionale ottenendo il riconoscimento da parte della Regione Abruzzo di \u201cCentro di Formazione accreditato\u201d per la formazione superiore, continua e per l\u2019orientamento.<br \/>\n<a href=\"http:\/\/gal.terrepescaresi.it\/home\/\">www.gal.terrepescaresi.it<\/a><\/p>\n<p style=\"text-align: justify;\"><strong style=\"font-size: 18px;\">Sangritana S.p.A.<br \/>\n<\/strong>Offre, grazie alla presenza di personale qualificato, una vasta gamma di prodotti turistici: biglietteria ferroviaria, aerea e marittima, prenotazioni alberghiere, crociere, viaggi di nozze, ecc.<br \/>\nParticolare attenzione viene dedicata alla creazione e promozione di pacchetti turistici, soprattutto per famiglie e gruppi, che portano alla scoperta dell\u2019Abruzzo con la sua natura, arte, cultura e gastronomia.<br \/>\n<a style=\"font-size: 18px;\" href=\"http:\/\/sangritana.it\/azienda\/\">www.sangritana.it<\/a><\/p>\n<p style=\"text-align: justify;\"><strong>Turismo Celestiniano Srl<br \/>\n<\/strong>Si tratta dell&#8217;ex Consorzio Celestiniano che gi\u00e0 dal 1995 si \u00e8 occupato di un progetto di rivalorizzazione dei luoghi legati alla figura e al messaggio di S. Celestino V (Pietro da Morrone, eremita e Papa). Col tempo l\u2019idea iniziale ha trovato la sua naturale evoluzione coinvolgendo anche altri due grandi personaggi, quali S. Francesco d\u2019Assisi e Padre Pio. Il Consorzio prima, la societ\u00e0 a responsabilit\u00e0 limitata ora, sono stati capaci di realizzare un unico asse di turismo culturale, religioso ed ambientale che interessa la dorsale appenninica da Assisi fino al Gargano. Una accurata fusione dei temi culturali del periodo svevo angioino, di quelli religiosi, in particolare quelli giocchimiti, e di quelli ambientali, con la presenza sul territorio di ben quattro parchi nazionali, ha portato a formulare una proposta turistica originale e di grande interesse.<br \/>\n<a href=\"http:\/\/www.movimentocelestiniano.it\/?page_id=39\">www.movimentocelestiniano.it<\/a><\/p>\n<p style=\"text-align: justify;\"><strong>DMC Marsica Soc. cons. a r. l.<br \/>\n<\/strong>La DMC Marsica attraverso il progetto Terrextra, ha sviluppato uno strumento volto a strutturare in prima istanza a livello di istituzioni, operatori e residenti una forte consapevolezza riguardo il potenziale inesplorato dei territori della Marsica, ricchissimi di bellezze naturali ed artistiche che insistono su un substrato fatto di tradizioni millenarie che si sono stratificate nel tempo.<br \/>\nCondizione necessaria era quindi la creazione di un network di operatori locali che svolgessero il ruolo di attori principali in quanto a veicolazione e promozione degli asset del territorio, inquadrando il tutto in un macro processo di comarketing che fosse capace di avviare, per la prima volta, una strategia coordinata nel comparto turistico locale, tradizionalmente caratterizzato da iniziative meramente estemporanee. In questa prima fase, eventi gi\u00e0 tradizionalmente presenti sul territorio sono stati utilizzati come incubatori di nuove progettualit\u00e0, consentendo un\u2019analisi a posteriori di punti di forza, criticit\u00e0 ed opportunit\u00e0; il tutto con l\u2019obiettivo finale di ampliare o, meglio, creare un concetto di \u201cofferta\u201d credibile ed appetibile da parte di un target variegato<br \/>\n<a href=\"https:\/\/dmcmarsica.it\/\">www.dmcmarsica.it<\/a><\/p>\n<p style=\"text-align: justify;\"><strong>Gran Sasso-Laga \u2013 Cuore dell\u2019Appennino soc.cons.ar.l.<br \/>\n<\/strong>La DMC Gran Sasso Laga\u00a0 opera a favore dei comuni di Campli, Castel Castagna, Castelli, Civitella del Tronto, Colledara, Cortino, Crognaleto, Fano Adriano, Isola del Gran Sasso, Montorio al Vomano, Pietracamela, Rocca Santa Maria, Teramo (capoluogo di provincia), Torricella Sicura, Tossicia, Valle Castellana. Il territorio \u00e8 rappresentato da un\u2019aggregazione di 104 soci diretti consorziati, pubblici e privati, che coprono tutto il territorio della Destinazione, e intendono \u201cfar rete\u201d, per affrontare e vincere insieme le sfide poste dall&#8217;innovazione in chiave turistica. L\u2019oggetto sociale \u00e8 lo sviluppo del turismo e la valorizzazione del territorio, attraverso l&#8217;attivit\u00e0 di coordinamento della promozione e della commercializzazione dei prodotti e servizi della filiera turistica. Obiettivo prioritario della DMC \u00e8, infatti, la valorizzazione dell\u2019offerta turistica territoriale tramite la sistematizzazione del lavoro delle diverse componenti, la creazione di reti locali, trans-locali, regionali, nazionali e internazionali e il miglioramento della governance del territorio per la gestione dei flussi turistici e all&#8217;offerta di servizi, possibilmente in collaborazione con altri soggetti. Un obiettivo complementare della DMC Gran Sasso &#8211; Laga \u00e8, poi, soddisfare bisogni sociali trasversali alla popolazione della destinazione, stratificati ed emergenti, attivando nuove relazioni sociali e coinvolgendo partecipativamente la societ\u00e0 nello sviluppo delle aree interne del Paese e creando coesione sociale attraverso il turismo.<br \/>\n<a href=\"https:\/\/www.dmcgransassolaga.it\/\">www.dmcgransassolaga.it<\/a><\/p>\n<p style=\"text-align: justify;\"><strong>Oltre il Mare soc. cons. a r. l<br \/>\n<\/strong>E&#8217; la DMC Costiera dei Trabocchi che opera sui territori di Vasto, San Salvo, Casalbordino, Torino di Sangro, Fossacesia, Rocca San Giovanni, San Vito Chietino, Ortona, Lanciano, Treglio, Mozzagrogna, Paglieta, Villa Santa Maria, Villalfonsina, Scerni, Celenza, Monteodorisio, Cupello, Lentella , Fraine, Gissi, Fresagrandinaria, Dogliola, Furci, San Buono, Guilmi, Carpineto Sinello, Casalanguida, Montazzoli, Liscia, Tufillo, Carunchio, Castiglione M.M., Roccaspinalveti, Torrebruna, San Giovanni Lipioni, Castelguidone, Schiavi d\u2019Abruzzo.<strong><br \/>\n<\/strong><\/p>\n<p style=\"text-align: justify;\"><strong>Terre d&#8217;Amore in Abruzzo soc. cons. a r. l.<br \/>\n<\/strong>La DMC\u00a0opera quale soggetto di riferimento\u00a0sia per la domanda esterna (trade, turisti, aziende) e per quella interna (operatori della ricettivit\u00e0, della ristorazione, guide, trasporti, altri servizi). Ha il compito di\u00a0gestire servizi tradizionali non ancora esistenti\u00a0per destinazione o per prodotto\/tema (centrali di prenotazione, trasporti, guide, ecc.), ed in particolare\u00a0sviluppare servizi innovativi\u00a0e nuove tecnologie per la fruizione turistica del territorio e delle proposte turistiche regionali in genere. La DMC\u00a0\u201cTerre d\u2019Amore in Abruzzo\u201d si \u00e8 costituita nel 2013,\u00a0<span style=\"font-size: inherit; font-style: inherit; font-variant-ligatures: inherit; font-variant-caps: inherit; font-weight: inherit;\">comprende 194 soci (operatori pubblici e privati, di cui 26 strutture ricettive, attivi nella creazione, promozione e commercializzazione dell\u2019offerta turistica della destinazione;\u00a0<\/span><span style=\"font-size: inherit; font-style: inherit; font-variant-ligatures: inherit; font-variant-caps: inherit; font-weight: inherit; text-align: center;\">i soci hanno sede operativa in 18 Comuni rientranti nel territorio della Valle Peligna, della Valle del Sagittario e della Valle Subequana.<br \/>\n<a href=\"https:\/\/www.dmcterredamoreinabruzzo.it\/\">www.dmcterredamoreinabruzzo.it<\/a><br \/>\n<\/span><\/p>\n<p style=\"text-align: justify;\"><strong style=\"font-size: 18px;\">Inoltra Soc. cons.ar.l.<br \/>\n<\/strong>La Societ\u00e0 Consortile INOLTRA a.r.l. \u00e8 il soggetto gestore del Polo di Innovazione nel settore Trasporti Logistica e Servizi Connessi.\u00a0Il Polo di Innovazione\u00a0INOLTRA \u00e8 finalizzato alla\u00a0diffusione dell\u2019innovazione, allo sviluppo competitivo\u00a0e\u00a0sinergico\u00a0nel\u00a0sistema della mobilit\u00e0 sostenibile, riferibile ai comparti del trasporto merci, passeggeri ed\u00a0ai servizi connessi,\u00a0attraverso la creazione di una rete territoriale che funga da volano per la condivisione della conoscenza e la creazione di valore aggiunto per le imprese del territorio.<br \/>\n<a style=\"font-size: 18px;\" href=\"http:\/\/www.poloinoltra.it\/\">www.poloinoltra.it<\/a><\/p>\n<p style=\"text-align: justify;\"><strong>Riviera dei Borghi Acquaviva Soc. cons. ar.l.<br \/>\n<\/strong><span style=\"font-size: 18px; text-align: justify; font-family: 'Source Sans Pro', sans-serif;\">La DMC Riviera dei Borghi Acquaviva opera quale soggetto di riferimento nei territori di Arsita,\u00a0<\/span><span style=\"font-family: 'Source Sans Pro', sans-serif; font-size: 18px; text-align: justify;\">Atri,\u00a0<\/span><span style=\"font-family: 'Source Sans Pro', sans-serif; font-size: 18px; text-align: justify;\">Basciano,\u00a0<\/span><span style=\"font-family: 'Source Sans Pro', sans-serif; font-size: 18px; text-align: justify;\">Bisenti,\u00a0<\/span><span style=\"font-family: 'Source Sans Pro', sans-serif; font-size: 18px; text-align: justify;\">Canzano,\u00a0<\/span><span style=\"font-family: 'Source Sans Pro', sans-serif; font-size: 18px; text-align: justify;\">Castellalto,\u00a0<\/span><span style=\"font-family: 'Source Sans Pro', sans-serif; font-size: 18px; text-align: justify;\">Castiglione Messer Rimondo,\u00a0<\/span><span style=\"font-family: 'Source Sans Pro', sans-serif; font-size: 18px; text-align: justify;\">Castilenti,\u00a0<\/span><span style=\"font-family: 'Source Sans Pro', sans-serif; font-size: 18px; text-align: justify;\">Cellino\u00a0<\/span><span style=\"font-family: 'Source Sans Pro', sans-serif; font-size: 18px; text-align: justify;\">Attanasio,\u00a0<\/span><span style=\"font-family: 'Source Sans Pro', sans-serif; font-size: 18px; text-align: justify;\">Cermignano,\u00a0<\/span><span style=\"font-size: 18px; text-align: justify; font-family: 'Source Sans Pro', sans-serif;\">Montefino,\u00a0<\/span><span style=\"font-size: 18px; text-align: justify; font-family: 'Source Sans Pro', sans-serif;\">Morro d&#8217;Oro,\u00a0<\/span><span style=\"font-size: 18px; text-align: justify; font-family: 'Source Sans Pro', sans-serif;\">Notaresco,\u00a0<\/span><span style=\"font-size: 18px; text-align: justify; font-family: 'Source Sans Pro', sans-serif;\">Penna Sant\u2019Andrea,\u00a0<\/span><span style=\"font-size: 18px; text-align: justify; font-family: 'Source Sans Pro', sans-serif;\">Pineto,\u00a0<\/span><span style=\"font-size: 18px; text-align: justify; font-family: 'Source Sans Pro', sans-serif;\">Roseto degli Abruzzi e\u00a0<\/span><span style=\"font-size: 18px; text-align: justify; font-family: 'Source Sans Pro', sans-serif;\">Silvi.<br \/>\n<\/span><span style=\"font-size: 18px; text-align: justify; font-family: 'Source Sans Pro', sans-serif;\">La Destinazione che abbraccia mare, collina e montagna, dove antichi e suggestivi borghi brillano di cultura, arte e tradizioni, da ammirare e degustare.<br \/>\n<\/span><a href=\"http:\/\/www.rivieradeiborghi.it\/\">www.rivieradeiborghi.it<\/a><\/p>\n<p>&nbsp;<\/p>\n<p style=\"text-align: left;\">Contatta la <a href=\"https:\/\/abruzzoinnovatur.it\/index.php\/contatti\/\">Segreteria<\/a> per avere info e modalit\u00e0 per diventare Socio.<\/p>\n<p>&nbsp;<\/p>\n","protected":false},"excerpt":{"rendered":"<p>Il Polo, oltre ai suoi soci di primo livello, si avvale di un sistema di partnership articolato di partecipazione, responsabilit\u00e0, impegno economico finanziario che coinvolge oltre 2000 PMI attive nel turismo abruzzese, centri di ricerca, supportando in alcuni casi le Federazioni delle Organizzazioni di Categoria e gestendo le attivit\u00e0 operative dei due Distretti Turistici riconosciuti,&hellip; <br \/> <a class=\"button small blue\" href=\"https:\/\/abruzzoinnovatur.it\/index.php\/societa\/soci\/\">Leggi tutto<\/a><\/p>\n","protected":false},"author":2,"featured_media":0,"parent":58,"menu_order":0,"comment_status":"closed","ping_status":"closed","template":"","meta":{"footnotes":""},"class_list":["post-182","page","type-page","status-publish","hentry"],"_links":{"self":[{"href":"https:\/\/abruzzoinnovatur.it\/index.php\/wp-json\/wp\/v2\/pages\/182"}],"collection":[{"href":"https:\/\/abruzzoinnovatur.it\/index.php\/wp-json\/wp\/v2\/pages"}],"about":[{"href":"https:\/\/abruzzoinnovatur.it\/index.php\/wp-json\/wp\/v2\/types\/page"}],"author":[{"embeddable":true,"href":"https:\/\/abruzzoinnovatur.it\/index.php\/wp-json\/wp\/v2\/users\/2"}],"replies":[{"embeddable":true,"href":"https:\/\/abruzzoinnovatur.it\/index.php\/wp-json\/wp\/v2\/comments?post=182"}],"version-history":[{"count":7,"href":"https:\/\/abruzzoinnovatur.it\/index.php\/wp-json\/wp\/v2\/pages\/182\/revisions"}],"predecessor-version":[{"id":1418,"href":"https:\/\/abruzzoinnovatur.it\/index.php\/wp-json\/wp\/v2\/pages\/182\/revisions\/1418"}],"up":[{"embeddable":true,"href":"https:\/\/abruzzoinnovatur.it\/index.php\/wp-json\/wp\/v2\/pages\/58"}],"wp:attachment":[{"href":"https:\/\/abruzzoinnovatur.it\/index.php\/wp-json\/wp\/v2\/media?parent=182"}],"curies":[{"name":"wp","href":"https:\/\/api.w.org\/{rel}","templated":true}]}}