{"id":1151,"date":"2020-06-22T00:22:31","date_gmt":"2020-06-21T23:22:31","guid":{"rendered":"https:\/\/abruzzoinnovatur.it\/?page_id=1151"},"modified":"2020-12-03T21:46:49","modified_gmt":"2020-12-03T20:46:49","slug":"servizi-pmc-abruzzo","status":"publish","type":"page","link":"https:\/\/abruzzoinnovatur.it\/index.php\/pmc-abruzzo\/servizi-pmc-abruzzo\/","title":{"rendered":"Servizi PMC Abruzzo"},"content":{"rendered":"<p><img loading=\"lazy\" decoding=\"async\" class=\"wp-image-93 alignnone\" src=\"https:\/\/abruzzoinnovatur.it\/wp-content\/uploads\/2018\/07\/LogoPMC-300x146.png\" alt=\"\" width=\"162\" height=\"79\" srcset=\"https:\/\/abruzzoinnovatur.it\/wp-content\/uploads\/2018\/07\/LogoPMC-300x146.png 300w, https:\/\/abruzzoinnovatur.it\/wp-content\/uploads\/2018\/07\/LogoPMC-768x373.png 768w, https:\/\/abruzzoinnovatur.it\/wp-content\/uploads\/2018\/07\/LogoPMC-1024x497.png 1024w\" sizes=\"(max-width: 162px) 100vw, 162px\" \/><\/p>\n<h4><b>Piattaforma<\/b><b> Booking <\/b><b>Regionale<\/b><\/h4>\n<p style=\"text-align: justify;\">Si tratta di una soluzione personalizzata sviluppata su software Deskline 3.0 \u2013 Feratel. Gestisce informazioni, booking servizi e pacchetti turistici, calendario ed agenda eventi. La ricerca, oltre che per il singolo servizio, pu\u00f2 essere effettuata per linee di prodotto regionali (PMC) \u2013 siti dedicati a specifici prodotti &#8211; rispetto a quanto proveniente dalle DMC che gestiscono le Destinazioni Turistiche Territoriali. E&#8217; compresa la funzionalit\u00e0 di operare su canali commerciali e gruppi marketing regionali (PMC) e di destinazione (DMC) oltre alla gi\u00e0 prevista compatibilit\u00e0 con molti Channel manager, OTA e gestionali, servizi accessori di booking engine.<\/p>\n<p style=\"text-align: justify;\">La piattaforma utilizza il <strong>DMS (Destination Management System)<\/strong> reso disponibile <a href=\"https:\/\/abruzzoinnovatur.it\/index.php\/polo-abruzzo-innovatur\/cose-il-polo\/\">dall&#8217;Area operativa Polo di Innovazione<\/a>, ottimizza le attivit\u00e0 di caricamento ed archiviazione informazioni e dati su un unico database centrale istituzionale\/commerciale, rende possibile la creazione di canali informativi e\/o commerciali plurimi ed autonomi, legandoli a varie organizzazioni, siti e piattaforme di distribuzione turistica diretta o indiretta, fino ad attivare e gestire la prenotazione di servizi e pacchetti per eventi e siti di terze organizzazioni direttamente sulle loro aree web.<\/p>\n<h4><b>Animazione<\/b><b> e <\/b><b>Formazione<\/b><\/h4>\n<p style=\"text-align: justify;\">Le attivit\u00e0 riguardano specifiche aree produttive ed operative della filiera del Turismo, l&#8217;implementazione e l\u2019utilizzo del DMS e degli altri Asset resi disponibili <a href=\"https:\/\/abruzzoinnovatur.it\/index.php\/polo-abruzzo-innovatur\/cose-il-polo\/\">dall&#8217;Area operativa Polo di Innovazione<\/a>. Sono svolte avvalendosi delle diverse tecnologie e idonee metodologie, attraverso attivit\u00e0 di varia tipologia, on line e off line.<\/p>\n<h4><b>Assistenza Tecnica e Promo- commercializzazione<\/b><\/h4>\n<p style=\"text-align: justify;\">Per quanto concerne l\u2019assistenza tecnica, la PMC ha pi\u00f9 volte fornito servizi e supporto tecnico, tecnologico, legale, amministrativo e commerciale per la creazione dei servizi, delle proposte ed offerte, degli itinerari e dei programmi di viaggio in occasione di attivit\u00e0 ordinarie, di eventi o programmi specificatamente realizzati.<\/p>\n<p style=\"text-align: justify;\">La PMC ha partecipato e presenziato per conto della Regione Abruzzo numerose fiere e workshop turistici internazionali, gestendo i contatti con operatori B2B ed utenti B2C. In molte occasioni ha curato anche la gestione di educational tour, press tour.<\/p>\n<p>&nbsp;<\/p>\n<p><em>Torna a\u00a0<a href=\"https:\/\/abruzzoinnovatur.it\/index.php\/pmc-abruzzo\/cose-la-pmc\/\">Cos&#8217;\u00e8 la PMC Abruzzo<\/a><\/em><br \/>\n<em>Vai a\u00a0<a href=\"https:\/\/abruzzoinnovatur.it\/index.php\/pmc-abruzzo\/attivita-par-fsc-ex-fas-2007-2013\/\">Attivit\u00e0 PAR FSC (Ex FAS) 2007\/2013<\/a><\/em><\/p>\n","protected":false},"excerpt":{"rendered":"<p>Piattaforma Booking Regionale Si tratta di una soluzione personalizzata sviluppata su software Deskline 3.0 \u2013 Feratel. Gestisce informazioni, booking servizi e pacchetti turistici, calendario ed agenda eventi. La ricerca, oltre che per il singolo servizio, pu\u00f2 essere effettuata per linee di prodotto regionali (PMC) \u2013 siti dedicati a specifici prodotti &#8211; rispetto a quanto proveniente&hellip; <br \/> <a class=\"button small blue\" href=\"https:\/\/abruzzoinnovatur.it\/index.php\/pmc-abruzzo\/servizi-pmc-abruzzo\/\">Leggi tutto<\/a><\/p>\n","protected":false},"author":2,"featured_media":0,"parent":153,"menu_order":0,"comment_status":"closed","ping_status":"closed","template":"","meta":{"footnotes":""},"class_list":["post-1151","page","type-page","status-publish","hentry"],"_links":{"self":[{"href":"https:\/\/abruzzoinnovatur.it\/index.php\/wp-json\/wp\/v2\/pages\/1151"}],"collection":[{"href":"https:\/\/abruzzoinnovatur.it\/index.php\/wp-json\/wp\/v2\/pages"}],"about":[{"href":"https:\/\/abruzzoinnovatur.it\/index.php\/wp-json\/wp\/v2\/types\/page"}],"author":[{"embeddable":true,"href":"https:\/\/abruzzoinnovatur.it\/index.php\/wp-json\/wp\/v2\/users\/2"}],"replies":[{"embeddable":true,"href":"https:\/\/abruzzoinnovatur.it\/index.php\/wp-json\/wp\/v2\/comments?post=1151"}],"version-history":[{"count":8,"href":"https:\/\/abruzzoinnovatur.it\/index.php\/wp-json\/wp\/v2\/pages\/1151\/revisions"}],"predecessor-version":[{"id":1349,"href":"https:\/\/abruzzoinnovatur.it\/index.php\/wp-json\/wp\/v2\/pages\/1151\/revisions\/1349"}],"up":[{"embeddable":true,"href":"https:\/\/abruzzoinnovatur.it\/index.php\/wp-json\/wp\/v2\/pages\/153"}],"wp:attachment":[{"href":"https:\/\/abruzzoinnovatur.it\/index.php\/wp-json\/wp\/v2\/media?parent=1151"}],"curies":[{"name":"wp","href":"https:\/\/api.w.org\/{rel}","templated":true}]}}